{"id":3586,"date":"2021-02-12T19:01:20","date_gmt":"2021-02-12T19:01:20","guid":{"rendered":"http:\/\/tienda.venteks.com\/?post_type=product&#038;p=3586"},"modified":"2021-04-08T22:50:40","modified_gmt":"2021-04-08T22:50:40","slug":"antena-conica-wifi-para-uso-exterior-con-cable-y-antena-conica-gprs-para-uso-exterior-con-cable","status":"publish","type":"product","link":"https:\/\/v-electronics.com.mx\/index.php\/product\/antena-conica-wifi-para-uso-exterior-con-cable-y-antena-conica-gprs-para-uso-exterior-con-cable\/","title":{"rendered":"Antena c\u00f3nica WIFI y GPRS para uso exterior"},"content":{"rendered":"<p>Antena c\u00f3nica WIFI para uso exterior con cable y antena c\u00f3nica GPRS para uso exterior con cable.<br \/>\nLongitud del cable de 2.5 mts.<\/p>\n","protected":false},"excerpt":{"rendered":"<p>Antena c\u00f3nica WIFI y antena c\u00f3nica GPRS para uso exterior con cable de 2.5 mts.<\/p>\n","protected":false},"featured_media":3587,"template":"","meta":[],"product_brand":[],"product_cat":[129],"product_tag":[],"class_list":{"0":"post-3586","1":"product","2":"type-product","3":"status-publish","4":"has-post-thumbnail","6":"product_cat-antena","8":"first","9":"instock","10":"shipping-taxable","11":"purchasable","12":"product-type-variable"},"yoast_head":"<!-- This site is optimized with the Yoast SEO plugin v25.8 - https:\/\/yoast.com\/wordpress\/plugins\/seo\/ -->\n<title>Antena c\u00f3nica WIFI y GPRS para uso exterior | V-electronics<\/title>\n<meta name=\"description\" content=\"Antena c\u00f3nica wifi para uso exterior con cable de 2.5 metros. Obten la se\u00f1al que necesitas para tu vending utilizando esta antena.\" \/>\n<meta name=\"robots\" content=\"index, follow, max-snippet:-1, max-image-preview:large, max-video-preview:-1\" \/>\n<link rel=\"canonical\" href=\"https:\/\/v-electronics.com.mx\/index.php\/product\/antena-conica-wifi-para-uso-exterior-con-cable-y-antena-conica-gprs-para-uso-exterior-con-cable\/\" \/>\n<meta property=\"og:locale\" content=\"es_MX\" \/>\n<meta property=\"og:type\" content=\"article\" \/>\n<meta property=\"og:title\" content=\"Antena c\u00f3nica WIFI y GPRS para uso exterior | V-electronics\" \/>\n<meta property=\"og:description\" content=\"Antena c\u00f3nica wifi para uso exterior con cable de 2.5 metros. Obten la se\u00f1al que necesitas para tu vending utilizando esta antena.\" \/>\n<meta property=\"og:url\" content=\"https:\/\/v-electronics.com.mx\/index.php\/product\/antena-conica-wifi-para-uso-exterior-con-cable-y-antena-conica-gprs-para-uso-exterior-con-cable\/\" \/>\n<meta property=\"og:site_name\" content=\"V-electronics\" \/>\n<meta property=\"article:modified_time\" content=\"2021-04-08T22:50:40+00:00\" \/>\n<meta property=\"og:image\" content=\"https:\/\/v-electronics.com.mx\/wp-content\/uploads\/2021\/02\/ANTENA2.jpg\" \/>\n\t<meta property=\"og:image:width\" content=\"696\" \/>\n\t<meta property=\"og:image:height\" content=\"464\" \/>\n\t<meta property=\"og:image:type\" content=\"image\/jpeg\" \/>\n<meta name=\"twitter:card\" content=\"summary_large_image\" \/>\n<script type=\"application\/ld+json\" class=\"yoast-schema-graph\">{\"@context\":\"https:\/\/schema.org\",\"@graph\":[{\"@type\":\"WebPage\",\"@id\":\"https:\/\/v-electronics.com.mx\/index.php\/product\/antena-conica-wifi-para-uso-exterior-con-cable-y-antena-conica-gprs-para-uso-exterior-con-cable\/\",\"url\":\"https:\/\/v-electronics.com.mx\/index.php\/product\/antena-conica-wifi-para-uso-exterior-con-cable-y-antena-conica-gprs-para-uso-exterior-con-cable\/\",\"name\":\"Antena c\u00f3nica WIFI y GPRS para uso exterior | V-electronics\",\"isPartOf\":{\"@id\":\"https:\/\/v-electronics.com.mx\/#website\"},\"primaryImageOfPage\":{\"@id\":\"https:\/\/v-electronics.com.mx\/index.php\/product\/antena-conica-wifi-para-uso-exterior-con-cable-y-antena-conica-gprs-para-uso-exterior-con-cable\/#primaryimage\"},\"image\":{\"@id\":\"https:\/\/v-electronics.com.mx\/index.php\/product\/antena-conica-wifi-para-uso-exterior-con-cable-y-antena-conica-gprs-para-uso-exterior-con-cable\/#primaryimage\"},\"thumbnailUrl\":\"https:\/\/v-electronics.com.mx\/wp-content\/uploads\/2021\/02\/ANTENA2.jpg\",\"datePublished\":\"2021-02-12T19:01:20+00:00\",\"dateModified\":\"2021-04-08T22:50:40+00:00\",\"description\":\"Antena c\u00f3nica wifi para uso exterior con cable de 2.5 metros. Obten la se\u00f1al que necesitas para tu vending utilizando esta antena.\",\"breadcrumb\":{\"@id\":\"https:\/\/v-electronics.com.mx\/index.php\/product\/antena-conica-wifi-para-uso-exterior-con-cable-y-antena-conica-gprs-para-uso-exterior-con-cable\/#breadcrumb\"},\"inLanguage\":\"es\",\"potentialAction\":[{\"@type\":\"ReadAction\",\"target\":[\"https:\/\/v-electronics.com.mx\/index.php\/product\/antena-conica-wifi-para-uso-exterior-con-cable-y-antena-conica-gprs-para-uso-exterior-con-cable\/\"]}]},{\"@type\":\"ImageObject\",\"inLanguage\":\"es\",\"@id\":\"https:\/\/v-electronics.com.mx\/index.php\/product\/antena-conica-wifi-para-uso-exterior-con-cable-y-antena-conica-gprs-para-uso-exterior-con-cable\/#primaryimage\",\"url\":\"https:\/\/v-electronics.com.mx\/wp-content\/uploads\/2021\/02\/ANTENA2.jpg\",\"contentUrl\":\"https:\/\/v-electronics.com.mx\/wp-content\/uploads\/2021\/02\/ANTENA2.jpg\",\"width\":696,\"height\":464,\"caption\":\"ANETANA_C\u00d3NICA_WIFI_O_GPRS\"},{\"@type\":\"BreadcrumbList\",\"@id\":\"https:\/\/v-electronics.com.mx\/index.php\/product\/antena-conica-wifi-para-uso-exterior-con-cable-y-antena-conica-gprs-para-uso-exterior-con-cable\/#breadcrumb\",\"itemListElement\":[{\"@type\":\"ListItem\",\"position\":1,\"name\":\"Inicio\",\"item\":\"https:\/\/v-electronics.com.mx\/\"},{\"@type\":\"ListItem\",\"position\":2,\"name\":\"Tienda\",\"item\":\"https:\/\/v-electronics.com.mx\/index.php\/tienda\/\"},{\"@type\":\"ListItem\",\"position\":3,\"name\":\"Antena c\u00f3nica WIFI y GPRS para uso exterior\"}]},{\"@type\":\"WebSite\",\"@id\":\"https:\/\/v-electronics.com.mx\/#website\",\"url\":\"https:\/\/v-electronics.com.mx\/\",\"name\":\"V-electronics\",\"description\":\"Vending Solutions\",\"publisher\":{\"@id\":\"https:\/\/v-electronics.com.mx\/#organization\"},\"potentialAction\":[{\"@type\":\"SearchAction\",\"target\":{\"@type\":\"EntryPoint\",\"urlTemplate\":\"https:\/\/v-electronics.com.mx\/?s={search_term_string}\"},\"query-input\":{\"@type\":\"PropertyValueSpecification\",\"valueRequired\":true,\"valueName\":\"search_term_string\"}}],\"inLanguage\":\"es\"},{\"@type\":\"Organization\",\"@id\":\"https:\/\/v-electronics.com.mx\/#organization\",\"name\":\"Vcommerce\",\"url\":\"https:\/\/v-electronics.com.mx\/\",\"logo\":{\"@type\":\"ImageObject\",\"inLanguage\":\"es\",\"@id\":\"https:\/\/v-electronics.com.mx\/#\/schema\/logo\/image\/\",\"url\":\"\",\"contentUrl\":\"\",\"caption\":\"Vcommerce\"},\"image\":{\"@id\":\"https:\/\/v-electronics.com.mx\/#\/schema\/logo\/image\/\"}}]}<\/script>\n<!-- \/ Yoast SEO plugin. -->","yoast_head_json":{"title":"Antena c\u00f3nica WIFI y GPRS para uso exterior | V-electronics","description":"Antena c\u00f3nica wifi para uso exterior con cable de 2.5 metros. Obten la se\u00f1al que necesitas para tu vending utilizando esta antena.","robots":{"index":"index","follow":"follow","max-snippet":"max-snippet:-1","max-image-preview":"max-image-preview:large","max-video-preview":"max-video-preview:-1"},"canonical":"https:\/\/v-electronics.com.mx\/index.php\/product\/antena-conica-wifi-para-uso-exterior-con-cable-y-antena-conica-gprs-para-uso-exterior-con-cable\/","og_locale":"es_MX","og_type":"article","og_title":"Antena c\u00f3nica WIFI y GPRS para uso exterior | V-electronics","og_description":"Antena c\u00f3nica wifi para uso exterior con cable de 2.5 metros. Obten la se\u00f1al que necesitas para tu vending utilizando esta antena.","og_url":"https:\/\/v-electronics.com.mx\/index.php\/product\/antena-conica-wifi-para-uso-exterior-con-cable-y-antena-conica-gprs-para-uso-exterior-con-cable\/","og_site_name":"V-electronics","article_modified_time":"2021-04-08T22:50:40+00:00","og_image":[{"width":696,"height":464,"url":"https:\/\/v-electronics.com.mx\/wp-content\/uploads\/2021\/02\/ANTENA2.jpg","type":"image\/jpeg"}],"twitter_card":"summary_large_image","schema":{"@context":"https:\/\/schema.org","@graph":[{"@type":"WebPage","@id":"https:\/\/v-electronics.com.mx\/index.php\/product\/antena-conica-wifi-para-uso-exterior-con-cable-y-antena-conica-gprs-para-uso-exterior-con-cable\/","url":"https:\/\/v-electronics.com.mx\/index.php\/product\/antena-conica-wifi-para-uso-exterior-con-cable-y-antena-conica-gprs-para-uso-exterior-con-cable\/","name":"Antena c\u00f3nica WIFI y GPRS para uso exterior | V-electronics","isPartOf":{"@id":"https:\/\/v-electronics.com.mx\/#website"},"primaryImageOfPage":{"@id":"https:\/\/v-electronics.com.mx\/index.php\/product\/antena-conica-wifi-para-uso-exterior-con-cable-y-antena-conica-gprs-para-uso-exterior-con-cable\/#primaryimage"},"image":{"@id":"https:\/\/v-electronics.com.mx\/index.php\/product\/antena-conica-wifi-para-uso-exterior-con-cable-y-antena-conica-gprs-para-uso-exterior-con-cable\/#primaryimage"},"thumbnailUrl":"https:\/\/v-electronics.com.mx\/wp-content\/uploads\/2021\/02\/ANTENA2.jpg","datePublished":"2021-02-12T19:01:20+00:00","dateModified":"2021-04-08T22:50:40+00:00","description":"Antena c\u00f3nica wifi para uso exterior con cable de 2.5 metros. Obten la se\u00f1al que necesitas para tu vending utilizando esta antena.","breadcrumb":{"@id":"https:\/\/v-electronics.com.mx\/index.php\/product\/antena-conica-wifi-para-uso-exterior-con-cable-y-antena-conica-gprs-para-uso-exterior-con-cable\/#breadcrumb"},"inLanguage":"es","potentialAction":[{"@type":"ReadAction","target":["https:\/\/v-electronics.com.mx\/index.php\/product\/antena-conica-wifi-para-uso-exterior-con-cable-y-antena-conica-gprs-para-uso-exterior-con-cable\/"]}]},{"@type":"ImageObject","inLanguage":"es","@id":"https:\/\/v-electronics.com.mx\/index.php\/product\/antena-conica-wifi-para-uso-exterior-con-cable-y-antena-conica-gprs-para-uso-exterior-con-cable\/#primaryimage","url":"https:\/\/v-electronics.com.mx\/wp-content\/uploads\/2021\/02\/ANTENA2.jpg","contentUrl":"https:\/\/v-electronics.com.mx\/wp-content\/uploads\/2021\/02\/ANTENA2.jpg","width":696,"height":464,"caption":"ANETANA_C\u00d3NICA_WIFI_O_GPRS"},{"@type":"BreadcrumbList","@id":"https:\/\/v-electronics.com.mx\/index.php\/product\/antena-conica-wifi-para-uso-exterior-con-cable-y-antena-conica-gprs-para-uso-exterior-con-cable\/#breadcrumb","itemListElement":[{"@type":"ListItem","position":1,"name":"Inicio","item":"https:\/\/v-electronics.com.mx\/"},{"@type":"ListItem","position":2,"name":"Tienda","item":"https:\/\/v-electronics.com.mx\/index.php\/tienda\/"},{"@type":"ListItem","position":3,"name":"Antena c\u00f3nica WIFI y GPRS para uso exterior"}]},{"@type":"WebSite","@id":"https:\/\/v-electronics.com.mx\/#website","url":"https:\/\/v-electronics.com.mx\/","name":"V-electronics","description":"Vending Solutions","publisher":{"@id":"https:\/\/v-electronics.com.mx\/#organization"},"potentialAction":[{"@type":"SearchAction","target":{"@type":"EntryPoint","urlTemplate":"https:\/\/v-electronics.com.mx\/?s={search_term_string}"},"query-input":{"@type":"PropertyValueSpecification","valueRequired":true,"valueName":"search_term_string"}}],"inLanguage":"es"},{"@type":"Organization","@id":"https:\/\/v-electronics.com.mx\/#organization","name":"Vcommerce","url":"https:\/\/v-electronics.com.mx\/","logo":{"@type":"ImageObject","inLanguage":"es","@id":"https:\/\/v-electronics.com.mx\/#\/schema\/logo\/image\/","url":"","contentUrl":"","caption":"Vcommerce"},"image":{"@id":"https:\/\/v-electronics.com.mx\/#\/schema\/logo\/image\/"}}]}},"_links":{"self":[{"href":"https:\/\/v-electronics.com.mx\/index.php\/wp-json\/wp\/v2\/product\/3586","targetHints":{"allow":["GET"]}}],"collection":[{"href":"https:\/\/v-electronics.com.mx\/index.php\/wp-json\/wp\/v2\/product"}],"about":[{"href":"https:\/\/v-electronics.com.mx\/index.php\/wp-json\/wp\/v2\/types\/product"}],"wp:featuredmedia":[{"embeddable":true,"href":"https:\/\/v-electronics.com.mx\/index.php\/wp-json\/wp\/v2\/media\/3587"}],"wp:attachment":[{"href":"https:\/\/v-electronics.com.mx\/index.php\/wp-json\/wp\/v2\/media?parent=3586"}],"wp:term":[{"taxonomy":"product_brand","embeddable":true,"href":"https:\/\/v-electronics.com.mx\/index.php\/wp-json\/wp\/v2\/product_brand?post=3586"},{"taxonomy":"product_cat","embeddable":true,"href":"https:\/\/v-electronics.com.mx\/index.php\/wp-json\/wp\/v2\/product_cat?post=3586"},{"taxonomy":"product_tag","embeddable":true,"href":"https:\/\/v-electronics.com.mx\/index.php\/wp-json\/wp\/v2\/product_tag?post=3586"}],"curies":[{"name":"wp","href":"https:\/\/api.w.org\/{rel}","templated":true}]}}