{"id":3603,"date":"2021-02-12T21:37:07","date_gmt":"2021-02-12T21:37:07","guid":{"rendered":"http:\/\/tienda.venteks.com\/?post_type=product&#038;p=3603"},"modified":"2023-03-31T17:23:28","modified_gmt":"2023-03-31T17:23:28","slug":"monedero-ict-ucae-cable-y-caratula-plastica","status":"publish","type":"product","link":"https:\/\/v-electronics.com.mx\/index.php\/product\/monedero-ict-ucae-cable-y-caratula-plastica\/","title":{"rendered":"Monedero ICT-UCAE cable y caratula pl\u00e1stica"},"content":{"rendered":"<ul>\n<li>Aceptador de monedas funcional en amplias rangos de temperatura.<\/li>\n<li>Ocho canales de monedas disponibles de inmediato<\/li>\n<li>Funci\u00f3n anti-string mec\u00e1nica y el\u00e9ctrica<\/li>\n<li>Velocidad de aceptaci\u00f3n de hasta 3 monedas por segundo<\/li>\n<li>Bajo costo<\/li>\n<\/ul>\n","protected":false},"excerpt":{"rendered":"<p>El validador multimoneda ICT UCAE es un aceptador de monedas fiable con una alta tasa de seguridad de aceptaci\u00f3n de 96% o mayor. Adem\u00e1s el Monedero UCAE esta dise\u00f1ado para trabajar en ambientes con altas temperaturas.<\/p>\n","protected":false},"featured_media":3604,"template":"","meta":[],"product_brand":[],"product_cat":[116],"product_tag":[],"class_list":{"0":"post-3603","1":"product","2":"type-product","3":"status-publish","4":"has-post-thumbnail","6":"product_cat-monedero","8":"first","9":"outofstock","10":"shipping-taxable","11":"purchasable","12":"product-type-simple"},"yoast_head":"<!-- This site is optimized with the Yoast SEO plugin v25.8 - https:\/\/yoast.com\/wordpress\/plugins\/seo\/ -->\n<title>Monedero ICT-UCAE cable y caratula pl\u00e1stica | V-electronics<\/title>\n<meta name=\"robots\" content=\"index, follow, max-snippet:-1, max-image-preview:large, max-video-preview:-1\" \/>\n<link rel=\"canonical\" href=\"https:\/\/v-electronics.com.mx\/index.php\/product\/monedero-ict-ucae-cable-y-caratula-plastica\/\" \/>\n<meta property=\"og:locale\" content=\"es_MX\" \/>\n<meta property=\"og:type\" content=\"article\" \/>\n<meta property=\"og:title\" content=\"Monedero ICT-UCAE cable y caratula pl\u00e1stica | V-electronics\" \/>\n<meta property=\"og:description\" content=\"El validador multimoneda ICT UCAE es un aceptador de monedas fiable con una alta tasa de seguridad de aceptaci\u00f3n de 96% o mayor. Adem\u00e1s el Monedero UCAE esta dise\u00f1ado para trabajar en ambientes con altas temperaturas.\" \/>\n<meta property=\"og:url\" content=\"https:\/\/v-electronics.com.mx\/index.php\/product\/monedero-ict-ucae-cable-y-caratula-plastica\/\" \/>\n<meta property=\"og:site_name\" content=\"V-electronics\" \/>\n<meta property=\"article:modified_time\" content=\"2023-03-31T17:23:28+00:00\" \/>\n<meta property=\"og:image\" content=\"https:\/\/v-electronics.com.mx\/wp-content\/uploads\/2021\/02\/Monedero-ICT-UCAE-cable-y-caratula-plastica-venteks-y-Caratula-monedero-ICT-UCAE.jpg\" \/>\n\t<meta property=\"og:image:width\" content=\"696\" \/>\n\t<meta property=\"og:image:height\" content=\"464\" \/>\n\t<meta property=\"og:image:type\" content=\"image\/jpeg\" \/>\n<meta name=\"twitter:card\" content=\"summary_large_image\" \/>\n<script type=\"application\/ld+json\" class=\"yoast-schema-graph\">{\"@context\":\"https:\/\/schema.org\",\"@graph\":[{\"@type\":\"WebPage\",\"@id\":\"https:\/\/v-electronics.com.mx\/index.php\/product\/monedero-ict-ucae-cable-y-caratula-plastica\/\",\"url\":\"https:\/\/v-electronics.com.mx\/index.php\/product\/monedero-ict-ucae-cable-y-caratula-plastica\/\",\"name\":\"Monedero ICT-UCAE cable y caratula pl\u00e1stica | V-electronics\",\"isPartOf\":{\"@id\":\"https:\/\/v-electronics.com.mx\/#website\"},\"primaryImageOfPage\":{\"@id\":\"https:\/\/v-electronics.com.mx\/index.php\/product\/monedero-ict-ucae-cable-y-caratula-plastica\/#primaryimage\"},\"image\":{\"@id\":\"https:\/\/v-electronics.com.mx\/index.php\/product\/monedero-ict-ucae-cable-y-caratula-plastica\/#primaryimage\"},\"thumbnailUrl\":\"https:\/\/v-electronics.com.mx\/wp-content\/uploads\/2021\/02\/Monedero-ICT-UCAE-cable-y-caratula-plastica-venteks-y-Caratula-monedero-ICT-UCAE.jpg\",\"datePublished\":\"2021-02-12T21:37:07+00:00\",\"dateModified\":\"2023-03-31T17:23:28+00:00\",\"breadcrumb\":{\"@id\":\"https:\/\/v-electronics.com.mx\/index.php\/product\/monedero-ict-ucae-cable-y-caratula-plastica\/#breadcrumb\"},\"inLanguage\":\"es\",\"potentialAction\":[{\"@type\":\"ReadAction\",\"target\":[\"https:\/\/v-electronics.com.mx\/index.php\/product\/monedero-ict-ucae-cable-y-caratula-plastica\/\"]}]},{\"@type\":\"ImageObject\",\"inLanguage\":\"es\",\"@id\":\"https:\/\/v-electronics.com.mx\/index.php\/product\/monedero-ict-ucae-cable-y-caratula-plastica\/#primaryimage\",\"url\":\"https:\/\/v-electronics.com.mx\/wp-content\/uploads\/2021\/02\/Monedero-ICT-UCAE-cable-y-caratula-plastica-venteks-y-Caratula-monedero-ICT-UCAE.jpg\",\"contentUrl\":\"https:\/\/v-electronics.com.mx\/wp-content\/uploads\/2021\/02\/Monedero-ICT-UCAE-cable-y-caratula-plastica-venteks-y-Caratula-monedero-ICT-UCAE.jpg\",\"width\":696,\"height\":464,\"caption\":\"Monedero_ICT_UCAE_cable_y_caratula_plastica\"},{\"@type\":\"BreadcrumbList\",\"@id\":\"https:\/\/v-electronics.com.mx\/index.php\/product\/monedero-ict-ucae-cable-y-caratula-plastica\/#breadcrumb\",\"itemListElement\":[{\"@type\":\"ListItem\",\"position\":1,\"name\":\"Inicio\",\"item\":\"https:\/\/v-electronics.com.mx\/\"},{\"@type\":\"ListItem\",\"position\":2,\"name\":\"Tienda\",\"item\":\"https:\/\/v-electronics.com.mx\/index.php\/tienda\/\"},{\"@type\":\"ListItem\",\"position\":3,\"name\":\"Monedero ICT-UCAE cable y caratula pl\u00e1stica\"}]},{\"@type\":\"WebSite\",\"@id\":\"https:\/\/v-electronics.com.mx\/#website\",\"url\":\"https:\/\/v-electronics.com.mx\/\",\"name\":\"V-electronics\",\"description\":\"Vending Solutions\",\"publisher\":{\"@id\":\"https:\/\/v-electronics.com.mx\/#organization\"},\"potentialAction\":[{\"@type\":\"SearchAction\",\"target\":{\"@type\":\"EntryPoint\",\"urlTemplate\":\"https:\/\/v-electronics.com.mx\/?s={search_term_string}\"},\"query-input\":{\"@type\":\"PropertyValueSpecification\",\"valueRequired\":true,\"valueName\":\"search_term_string\"}}],\"inLanguage\":\"es\"},{\"@type\":\"Organization\",\"@id\":\"https:\/\/v-electronics.com.mx\/#organization\",\"name\":\"Vcommerce\",\"url\":\"https:\/\/v-electronics.com.mx\/\",\"logo\":{\"@type\":\"ImageObject\",\"inLanguage\":\"es\",\"@id\":\"https:\/\/v-electronics.com.mx\/#\/schema\/logo\/image\/\",\"url\":\"\",\"contentUrl\":\"\",\"caption\":\"Vcommerce\"},\"image\":{\"@id\":\"https:\/\/v-electronics.com.mx\/#\/schema\/logo\/image\/\"}}]}<\/script>\n<!-- \/ Yoast SEO plugin. -->","yoast_head_json":{"title":"Monedero ICT-UCAE cable y caratula pl\u00e1stica | V-electronics","robots":{"index":"index","follow":"follow","max-snippet":"max-snippet:-1","max-image-preview":"max-image-preview:large","max-video-preview":"max-video-preview:-1"},"canonical":"https:\/\/v-electronics.com.mx\/index.php\/product\/monedero-ict-ucae-cable-y-caratula-plastica\/","og_locale":"es_MX","og_type":"article","og_title":"Monedero ICT-UCAE cable y caratula pl\u00e1stica | V-electronics","og_description":"El validador multimoneda ICT UCAE es un aceptador de monedas fiable con una alta tasa de seguridad de aceptaci\u00f3n de 96% o mayor. Adem\u00e1s el Monedero UCAE esta dise\u00f1ado para trabajar en ambientes con altas temperaturas.","og_url":"https:\/\/v-electronics.com.mx\/index.php\/product\/monedero-ict-ucae-cable-y-caratula-plastica\/","og_site_name":"V-electronics","article_modified_time":"2023-03-31T17:23:28+00:00","og_image":[{"width":696,"height":464,"url":"https:\/\/v-electronics.com.mx\/wp-content\/uploads\/2021\/02\/Monedero-ICT-UCAE-cable-y-caratula-plastica-venteks-y-Caratula-monedero-ICT-UCAE.jpg","type":"image\/jpeg"}],"twitter_card":"summary_large_image","schema":{"@context":"https:\/\/schema.org","@graph":[{"@type":"WebPage","@id":"https:\/\/v-electronics.com.mx\/index.php\/product\/monedero-ict-ucae-cable-y-caratula-plastica\/","url":"https:\/\/v-electronics.com.mx\/index.php\/product\/monedero-ict-ucae-cable-y-caratula-plastica\/","name":"Monedero ICT-UCAE cable y caratula pl\u00e1stica | V-electronics","isPartOf":{"@id":"https:\/\/v-electronics.com.mx\/#website"},"primaryImageOfPage":{"@id":"https:\/\/v-electronics.com.mx\/index.php\/product\/monedero-ict-ucae-cable-y-caratula-plastica\/#primaryimage"},"image":{"@id":"https:\/\/v-electronics.com.mx\/index.php\/product\/monedero-ict-ucae-cable-y-caratula-plastica\/#primaryimage"},"thumbnailUrl":"https:\/\/v-electronics.com.mx\/wp-content\/uploads\/2021\/02\/Monedero-ICT-UCAE-cable-y-caratula-plastica-venteks-y-Caratula-monedero-ICT-UCAE.jpg","datePublished":"2021-02-12T21:37:07+00:00","dateModified":"2023-03-31T17:23:28+00:00","breadcrumb":{"@id":"https:\/\/v-electronics.com.mx\/index.php\/product\/monedero-ict-ucae-cable-y-caratula-plastica\/#breadcrumb"},"inLanguage":"es","potentialAction":[{"@type":"ReadAction","target":["https:\/\/v-electronics.com.mx\/index.php\/product\/monedero-ict-ucae-cable-y-caratula-plastica\/"]}]},{"@type":"ImageObject","inLanguage":"es","@id":"https:\/\/v-electronics.com.mx\/index.php\/product\/monedero-ict-ucae-cable-y-caratula-plastica\/#primaryimage","url":"https:\/\/v-electronics.com.mx\/wp-content\/uploads\/2021\/02\/Monedero-ICT-UCAE-cable-y-caratula-plastica-venteks-y-Caratula-monedero-ICT-UCAE.jpg","contentUrl":"https:\/\/v-electronics.com.mx\/wp-content\/uploads\/2021\/02\/Monedero-ICT-UCAE-cable-y-caratula-plastica-venteks-y-Caratula-monedero-ICT-UCAE.jpg","width":696,"height":464,"caption":"Monedero_ICT_UCAE_cable_y_caratula_plastica"},{"@type":"BreadcrumbList","@id":"https:\/\/v-electronics.com.mx\/index.php\/product\/monedero-ict-ucae-cable-y-caratula-plastica\/#breadcrumb","itemListElement":[{"@type":"ListItem","position":1,"name":"Inicio","item":"https:\/\/v-electronics.com.mx\/"},{"@type":"ListItem","position":2,"name":"Tienda","item":"https:\/\/v-electronics.com.mx\/index.php\/tienda\/"},{"@type":"ListItem","position":3,"name":"Monedero ICT-UCAE cable y caratula pl\u00e1stica"}]},{"@type":"WebSite","@id":"https:\/\/v-electronics.com.mx\/#website","url":"https:\/\/v-electronics.com.mx\/","name":"V-electronics","description":"Vending Solutions","publisher":{"@id":"https:\/\/v-electronics.com.mx\/#organization"},"potentialAction":[{"@type":"SearchAction","target":{"@type":"EntryPoint","urlTemplate":"https:\/\/v-electronics.com.mx\/?s={search_term_string}"},"query-input":{"@type":"PropertyValueSpecification","valueRequired":true,"valueName":"search_term_string"}}],"inLanguage":"es"},{"@type":"Organization","@id":"https:\/\/v-electronics.com.mx\/#organization","name":"Vcommerce","url":"https:\/\/v-electronics.com.mx\/","logo":{"@type":"ImageObject","inLanguage":"es","@id":"https:\/\/v-electronics.com.mx\/#\/schema\/logo\/image\/","url":"","contentUrl":"","caption":"Vcommerce"},"image":{"@id":"https:\/\/v-electronics.com.mx\/#\/schema\/logo\/image\/"}}]}},"_links":{"self":[{"href":"https:\/\/v-electronics.com.mx\/index.php\/wp-json\/wp\/v2\/product\/3603","targetHints":{"allow":["GET"]}}],"collection":[{"href":"https:\/\/v-electronics.com.mx\/index.php\/wp-json\/wp\/v2\/product"}],"about":[{"href":"https:\/\/v-electronics.com.mx\/index.php\/wp-json\/wp\/v2\/types\/product"}],"wp:featuredmedia":[{"embeddable":true,"href":"https:\/\/v-electronics.com.mx\/index.php\/wp-json\/wp\/v2\/media\/3604"}],"wp:attachment":[{"href":"https:\/\/v-electronics.com.mx\/index.php\/wp-json\/wp\/v2\/media?parent=3603"}],"wp:term":[{"taxonomy":"product_brand","embeddable":true,"href":"https:\/\/v-electronics.com.mx\/index.php\/wp-json\/wp\/v2\/product_brand?post=3603"},{"taxonomy":"product_cat","embeddable":true,"href":"https:\/\/v-electronics.com.mx\/index.php\/wp-json\/wp\/v2\/product_cat?post=3603"},{"taxonomy":"product_tag","embeddable":true,"href":"https:\/\/v-electronics.com.mx\/index.php\/wp-json\/wp\/v2\/product_tag?post=3603"}],"curies":[{"name":"wp","href":"https:\/\/api.w.org\/{rel}","templated":true}]}}