{"id":3615,"date":"2021-02-12T23:04:35","date_gmt":"2021-02-12T23:04:35","guid":{"rendered":"http:\/\/tienda.venteks.com\/?post_type=product&#038;p=3615"},"modified":"2023-02-23T22:25:11","modified_gmt":"2023-02-23T22:25:11","slug":"monedero-mei-cf-7000","status":"publish","type":"product","link":"https:\/\/v-electronics.com.mx\/index.php\/product\/monedero-mei-cf-7000\/","title":{"rendered":"Monedero MEI CF 7000"},"content":{"rendered":"<p>Las capacidades \u00fanicas del Monedero MEI CF 7000 de seguimiento y diagn\u00f3stico brindan a los operadores las herramientas y la informaci\u00f3n comercial que necesitan para administrar mejor su efectivo y aumentar las ganancias.<\/p>\n<p>El Monedero MEI CF 7000 ofrece un bajo costo de propiedad para los operadores porque es un dispositivo de bajo mantenimiento que est\u00e1 dise\u00f1ado para durar y funcionar.<\/p>\n<p>Protocolo MDB<\/p>\n<p>Capacidad de monedas por tubo:<\/p>\n<table class=\"table table-bordered\">\n<tbody>\n<tr>\n<td>Tubo de $0.50<\/td>\n<td>81 monedas<\/td>\n<\/tr>\n<tr>\n<td>Tubo de $1.00<\/td>\n<td>85 monedas<\/td>\n<\/tr>\n<tr>\n<td>Tubo de $2.00<\/td>\n<td>78 monedas<\/td>\n<\/tr>\n<tr>\n<td>Tubo de $5.00<\/td>\n<td>69 monedas<\/td>\n<\/tr>\n<tr>\n<td>Tubo de $10.00<\/td>\n<td>58 monedas<\/td>\n<\/tr>\n<\/tbody>\n<\/table>\n<p>Total de monedas es de 371<\/p>\n<p>Total de dinero es de $1,206.50<\/p>\n<p>&nbsp;<\/p>\n","protected":false},"excerpt":{"rendered":"<p>El monedero\u00a0<b>MEI\u00ae CF 7000<\/b>\u00a0ha sido la opci\u00f3n confiable en m\u00e1s de 1 mill\u00f3n de instalaciones de operadores desde su lanzamiento.<\/p>\n<p>Las capacidades \u00fanicas de seguimiento y diagn\u00f3stico brindan a los operadores las herramientas y la informaci\u00f3n comercial que necesitan para administrar mejor su efectivo y aumentar las ganancias.<\/p>\n<p>El MEI CashFlow\u00ae 7000 ofrece un bajo costo de propiedad para los operadores porque es un dispositivo de bajo mantenimiento que est\u00e1 dise\u00f1ado para durar y funcionar.<\/p>\n","protected":false},"featured_media":3616,"template":"","meta":[],"product_brand":[],"product_cat":[116],"product_tag":[],"class_list":{"0":"post-3615","1":"product","2":"type-product","3":"status-publish","4":"has-post-thumbnail","6":"product_cat-monedero","8":"first","9":"outofstock","10":"shipping-taxable","11":"purchasable","12":"product-type-simple"},"yoast_head":"<!-- This site is optimized with the Yoast SEO plugin v25.8 - https:\/\/yoast.com\/wordpress\/plugins\/seo\/ -->\n<title>Monedero MEI CF 7000 | V-electronics | Maquinas Vending |<\/title>\n<meta name=\"description\" content=\"El monedero\u00a0MEI CF 7000\u00a0ha sido la opci\u00f3n confiable en m\u00e1s de 1 mill\u00f3n de instalaciones de operadores desde su lanzamiento.\" \/>\n<meta name=\"robots\" content=\"index, follow, max-snippet:-1, max-image-preview:large, max-video-preview:-1\" \/>\n<link rel=\"canonical\" href=\"https:\/\/v-electronics.com.mx\/index.php\/product\/monedero-mei-cf-7000\/\" \/>\n<meta property=\"og:locale\" content=\"es_MX\" \/>\n<meta property=\"og:type\" content=\"article\" \/>\n<meta property=\"og:title\" content=\"Monedero MEI CF 7000 | V-electronics | Maquinas Vending |\" \/>\n<meta property=\"og:description\" content=\"El monedero\u00a0MEI CF 7000\u00a0ha sido la opci\u00f3n confiable en m\u00e1s de 1 mill\u00f3n de instalaciones de operadores desde su lanzamiento.\" \/>\n<meta property=\"og:url\" content=\"https:\/\/v-electronics.com.mx\/index.php\/product\/monedero-mei-cf-7000\/\" \/>\n<meta property=\"og:site_name\" content=\"V-electronics\" \/>\n<meta property=\"article:modified_time\" content=\"2023-02-23T22:25:11+00:00\" \/>\n<meta property=\"og:image\" content=\"https:\/\/v-electronics.com.mx\/wp-content\/uploads\/2021\/02\/Monedero-MEI-CF7000-VENTEKS-1.jpg\" \/>\n\t<meta property=\"og:image:width\" content=\"696\" \/>\n\t<meta property=\"og:image:height\" content=\"464\" \/>\n\t<meta property=\"og:image:type\" content=\"image\/jpeg\" \/>\n<meta name=\"twitter:card\" content=\"summary_large_image\" \/>\n<meta name=\"twitter:label1\" content=\"Tiempo de lectura\" \/>\n\t<meta name=\"twitter:data1\" content=\"1 minuto\" \/>\n<script type=\"application\/ld+json\" class=\"yoast-schema-graph\">{\"@context\":\"https:\/\/schema.org\",\"@graph\":[{\"@type\":\"WebPage\",\"@id\":\"https:\/\/v-electronics.com.mx\/index.php\/product\/monedero-mei-cf-7000\/\",\"url\":\"https:\/\/v-electronics.com.mx\/index.php\/product\/monedero-mei-cf-7000\/\",\"name\":\"Monedero MEI CF 7000 | V-electronics | Maquinas Vending |\",\"isPartOf\":{\"@id\":\"https:\/\/v-electronics.com.mx\/#website\"},\"primaryImageOfPage\":{\"@id\":\"https:\/\/v-electronics.com.mx\/index.php\/product\/monedero-mei-cf-7000\/#primaryimage\"},\"image\":{\"@id\":\"https:\/\/v-electronics.com.mx\/index.php\/product\/monedero-mei-cf-7000\/#primaryimage\"},\"thumbnailUrl\":\"https:\/\/v-electronics.com.mx\/wp-content\/uploads\/2021\/02\/Monedero-MEI-CF7000-VENTEKS-1.jpg\",\"datePublished\":\"2021-02-12T23:04:35+00:00\",\"dateModified\":\"2023-02-23T22:25:11+00:00\",\"description\":\"El monedero\u00a0MEI CF 7000\u00a0ha sido la opci\u00f3n confiable en m\u00e1s de 1 mill\u00f3n de instalaciones de operadores desde su lanzamiento.\",\"breadcrumb\":{\"@id\":\"https:\/\/v-electronics.com.mx\/index.php\/product\/monedero-mei-cf-7000\/#breadcrumb\"},\"inLanguage\":\"es\",\"potentialAction\":[{\"@type\":\"ReadAction\",\"target\":[\"https:\/\/v-electronics.com.mx\/index.php\/product\/monedero-mei-cf-7000\/\"]}]},{\"@type\":\"ImageObject\",\"inLanguage\":\"es\",\"@id\":\"https:\/\/v-electronics.com.mx\/index.php\/product\/monedero-mei-cf-7000\/#primaryimage\",\"url\":\"https:\/\/v-electronics.com.mx\/wp-content\/uploads\/2021\/02\/Monedero-MEI-CF7000-VENTEKS-1.jpg\",\"contentUrl\":\"https:\/\/v-electronics.com.mx\/wp-content\/uploads\/2021\/02\/Monedero-MEI-CF7000-VENTEKS-1.jpg\",\"width\":696,\"height\":464,\"caption\":\"MEI_VALIDADOR_Y_RECICLADOR_DE_ MONEDAS_CF7000\"},{\"@type\":\"BreadcrumbList\",\"@id\":\"https:\/\/v-electronics.com.mx\/index.php\/product\/monedero-mei-cf-7000\/#breadcrumb\",\"itemListElement\":[{\"@type\":\"ListItem\",\"position\":1,\"name\":\"Inicio\",\"item\":\"https:\/\/v-electronics.com.mx\/\"},{\"@type\":\"ListItem\",\"position\":2,\"name\":\"Tienda\",\"item\":\"https:\/\/v-electronics.com.mx\/index.php\/tienda\/\"},{\"@type\":\"ListItem\",\"position\":3,\"name\":\"Monedero MEI CF 7000\"}]},{\"@type\":\"WebSite\",\"@id\":\"https:\/\/v-electronics.com.mx\/#website\",\"url\":\"https:\/\/v-electronics.com.mx\/\",\"name\":\"V-electronics\",\"description\":\"Vending Solutions\",\"publisher\":{\"@id\":\"https:\/\/v-electronics.com.mx\/#organization\"},\"potentialAction\":[{\"@type\":\"SearchAction\",\"target\":{\"@type\":\"EntryPoint\",\"urlTemplate\":\"https:\/\/v-electronics.com.mx\/?s={search_term_string}\"},\"query-input\":{\"@type\":\"PropertyValueSpecification\",\"valueRequired\":true,\"valueName\":\"search_term_string\"}}],\"inLanguage\":\"es\"},{\"@type\":\"Organization\",\"@id\":\"https:\/\/v-electronics.com.mx\/#organization\",\"name\":\"Vcommerce\",\"url\":\"https:\/\/v-electronics.com.mx\/\",\"logo\":{\"@type\":\"ImageObject\",\"inLanguage\":\"es\",\"@id\":\"https:\/\/v-electronics.com.mx\/#\/schema\/logo\/image\/\",\"url\":\"\",\"contentUrl\":\"\",\"caption\":\"Vcommerce\"},\"image\":{\"@id\":\"https:\/\/v-electronics.com.mx\/#\/schema\/logo\/image\/\"}}]}<\/script>\n<!-- \/ Yoast SEO plugin. -->","yoast_head_json":{"title":"Monedero MEI CF 7000 | V-electronics | Maquinas Vending |","description":"El monedero\u00a0MEI CF 7000\u00a0ha sido la opci\u00f3n confiable en m\u00e1s de 1 mill\u00f3n de instalaciones de operadores desde su lanzamiento.","robots":{"index":"index","follow":"follow","max-snippet":"max-snippet:-1","max-image-preview":"max-image-preview:large","max-video-preview":"max-video-preview:-1"},"canonical":"https:\/\/v-electronics.com.mx\/index.php\/product\/monedero-mei-cf-7000\/","og_locale":"es_MX","og_type":"article","og_title":"Monedero MEI CF 7000 | V-electronics | Maquinas Vending |","og_description":"El monedero\u00a0MEI CF 7000\u00a0ha sido la opci\u00f3n confiable en m\u00e1s de 1 mill\u00f3n de instalaciones de operadores desde su lanzamiento.","og_url":"https:\/\/v-electronics.com.mx\/index.php\/product\/monedero-mei-cf-7000\/","og_site_name":"V-electronics","article_modified_time":"2023-02-23T22:25:11+00:00","og_image":[{"width":696,"height":464,"url":"https:\/\/v-electronics.com.mx\/wp-content\/uploads\/2021\/02\/Monedero-MEI-CF7000-VENTEKS-1.jpg","type":"image\/jpeg"}],"twitter_card":"summary_large_image","twitter_misc":{"Tiempo de lectura":"1 minuto"},"schema":{"@context":"https:\/\/schema.org","@graph":[{"@type":"WebPage","@id":"https:\/\/v-electronics.com.mx\/index.php\/product\/monedero-mei-cf-7000\/","url":"https:\/\/v-electronics.com.mx\/index.php\/product\/monedero-mei-cf-7000\/","name":"Monedero MEI CF 7000 | V-electronics | Maquinas Vending |","isPartOf":{"@id":"https:\/\/v-electronics.com.mx\/#website"},"primaryImageOfPage":{"@id":"https:\/\/v-electronics.com.mx\/index.php\/product\/monedero-mei-cf-7000\/#primaryimage"},"image":{"@id":"https:\/\/v-electronics.com.mx\/index.php\/product\/monedero-mei-cf-7000\/#primaryimage"},"thumbnailUrl":"https:\/\/v-electronics.com.mx\/wp-content\/uploads\/2021\/02\/Monedero-MEI-CF7000-VENTEKS-1.jpg","datePublished":"2021-02-12T23:04:35+00:00","dateModified":"2023-02-23T22:25:11+00:00","description":"El monedero\u00a0MEI CF 7000\u00a0ha sido la opci\u00f3n confiable en m\u00e1s de 1 mill\u00f3n de instalaciones de operadores desde su lanzamiento.","breadcrumb":{"@id":"https:\/\/v-electronics.com.mx\/index.php\/product\/monedero-mei-cf-7000\/#breadcrumb"},"inLanguage":"es","potentialAction":[{"@type":"ReadAction","target":["https:\/\/v-electronics.com.mx\/index.php\/product\/monedero-mei-cf-7000\/"]}]},{"@type":"ImageObject","inLanguage":"es","@id":"https:\/\/v-electronics.com.mx\/index.php\/product\/monedero-mei-cf-7000\/#primaryimage","url":"https:\/\/v-electronics.com.mx\/wp-content\/uploads\/2021\/02\/Monedero-MEI-CF7000-VENTEKS-1.jpg","contentUrl":"https:\/\/v-electronics.com.mx\/wp-content\/uploads\/2021\/02\/Monedero-MEI-CF7000-VENTEKS-1.jpg","width":696,"height":464,"caption":"MEI_VALIDADOR_Y_RECICLADOR_DE_ MONEDAS_CF7000"},{"@type":"BreadcrumbList","@id":"https:\/\/v-electronics.com.mx\/index.php\/product\/monedero-mei-cf-7000\/#breadcrumb","itemListElement":[{"@type":"ListItem","position":1,"name":"Inicio","item":"https:\/\/v-electronics.com.mx\/"},{"@type":"ListItem","position":2,"name":"Tienda","item":"https:\/\/v-electronics.com.mx\/index.php\/tienda\/"},{"@type":"ListItem","position":3,"name":"Monedero MEI CF 7000"}]},{"@type":"WebSite","@id":"https:\/\/v-electronics.com.mx\/#website","url":"https:\/\/v-electronics.com.mx\/","name":"V-electronics","description":"Vending Solutions","publisher":{"@id":"https:\/\/v-electronics.com.mx\/#organization"},"potentialAction":[{"@type":"SearchAction","target":{"@type":"EntryPoint","urlTemplate":"https:\/\/v-electronics.com.mx\/?s={search_term_string}"},"query-input":{"@type":"PropertyValueSpecification","valueRequired":true,"valueName":"search_term_string"}}],"inLanguage":"es"},{"@type":"Organization","@id":"https:\/\/v-electronics.com.mx\/#organization","name":"Vcommerce","url":"https:\/\/v-electronics.com.mx\/","logo":{"@type":"ImageObject","inLanguage":"es","@id":"https:\/\/v-electronics.com.mx\/#\/schema\/logo\/image\/","url":"","contentUrl":"","caption":"Vcommerce"},"image":{"@id":"https:\/\/v-electronics.com.mx\/#\/schema\/logo\/image\/"}}]}},"_links":{"self":[{"href":"https:\/\/v-electronics.com.mx\/index.php\/wp-json\/wp\/v2\/product\/3615","targetHints":{"allow":["GET"]}}],"collection":[{"href":"https:\/\/v-electronics.com.mx\/index.php\/wp-json\/wp\/v2\/product"}],"about":[{"href":"https:\/\/v-electronics.com.mx\/index.php\/wp-json\/wp\/v2\/types\/product"}],"wp:featuredmedia":[{"embeddable":true,"href":"https:\/\/v-electronics.com.mx\/index.php\/wp-json\/wp\/v2\/media\/3616"}],"wp:attachment":[{"href":"https:\/\/v-electronics.com.mx\/index.php\/wp-json\/wp\/v2\/media?parent=3615"}],"wp:term":[{"taxonomy":"product_brand","embeddable":true,"href":"https:\/\/v-electronics.com.mx\/index.php\/wp-json\/wp\/v2\/product_brand?post=3615"},{"taxonomy":"product_cat","embeddable":true,"href":"https:\/\/v-electronics.com.mx\/index.php\/wp-json\/wp\/v2\/product_cat?post=3615"},{"taxonomy":"product_tag","embeddable":true,"href":"https:\/\/v-electronics.com.mx\/index.php\/wp-json\/wp\/v2\/product_tag?post=3615"}],"curies":[{"name":"wp","href":"https:\/\/api.w.org\/{rel}","templated":true}]}}