{"id":3627,"date":"2021-02-12T23:24:41","date_gmt":"2021-02-12T23:24:41","guid":{"rendered":"http:\/\/tienda.venteks.com\/?post_type=product&#038;p=3627"},"modified":"2021-03-17T15:57:20","modified_gmt":"2021-03-17T15:57:20","slug":"sensor-ultrasonico-tipo-jsn","status":"publish","type":"product","link":"https:\/\/v-electronics.com.mx\/index.php\/product\/sensor-ultrasonico-tipo-jsn\/","title":{"rendered":"Sensor ultrasonico tipo JSN"},"content":{"rendered":"<p>El sensor ultras\u00f3nico JSN-SR04T es un dispositivo que mide distancia por medio de ultrasonido (sonar) en un rango de 25 a 450 cm; es ideal por su tama\u00f1o peque\u00f1o, bajo consumo energ\u00e9tico, buena precisi\u00f3n y especialmente por su resistencia al agua.<\/p>\n<p>El sensor ultras\u00f3nico JSN-SR04T es \u00fatil en aplicaciones donde el sensor estar\u00e1 expuesto a la intemperie compatible con una gran variedad de microcontroladores posee una protecci\u00f3n contra agua para poder tener usos rudos o acu\u00e1ticos. Algunos ejemplos son:\u00a0 autom\u00f3viles para medir distancia de colisi\u00f3n\/parqueo, control de tr\u00e1fico, inteligencia artificial.<\/p>\n<p>&nbsp;<\/p>\n","protected":false},"excerpt":{"rendered":"<p>El sensor ultras\u00f3nico JSN-SR04T es un dispositivo que mide distancia por medio de ultrasonido (sonar)<\/p>\n","protected":false},"featured_media":3628,"template":"","meta":[],"product_brand":[],"product_cat":[120],"product_tag":[],"class_list":{"0":"post-3627","1":"product","2":"type-product","3":"status-publish","4":"has-post-thumbnail","6":"product_cat-sensores","8":"first","9":"instock","10":"shipping-taxable","11":"purchasable","12":"product-type-simple"},"yoast_head":"<!-- This site is optimized with the Yoast SEO plugin v25.8 - https:\/\/yoast.com\/wordpress\/plugins\/seo\/ -->\n<title>Sensor ultrasonico tipo JSN | V-electronics | Electr\u00f3nica | Sensores |<\/title>\n<meta name=\"description\" content=\"El sensor ultras\u00f3nico JSN-SR04T es un dispositivo que mide distancia por medio de ultrasonido en un rango de 25 a 450 cm. Resistente al agua.\" \/>\n<meta name=\"robots\" content=\"index, follow, max-snippet:-1, max-image-preview:large, max-video-preview:-1\" \/>\n<link rel=\"canonical\" href=\"https:\/\/v-electronics.com.mx\/index.php\/product\/sensor-ultrasonico-tipo-jsn\/\" \/>\n<meta property=\"og:locale\" content=\"es_MX\" \/>\n<meta property=\"og:type\" content=\"article\" \/>\n<meta property=\"og:title\" content=\"Sensor ultrasonico tipo JSN | V-electronics | Electr\u00f3nica | Sensores |\" \/>\n<meta property=\"og:description\" content=\"El sensor ultras\u00f3nico JSN-SR04T es un dispositivo que mide distancia por medio de ultrasonido en un rango de 25 a 450 cm. Resistente al agua.\" \/>\n<meta property=\"og:url\" content=\"https:\/\/v-electronics.com.mx\/index.php\/product\/sensor-ultrasonico-tipo-jsn\/\" \/>\n<meta property=\"og:site_name\" content=\"V-electronics\" \/>\n<meta property=\"article:modified_time\" content=\"2021-03-17T15:57:20+00:00\" \/>\n<meta property=\"og:image\" content=\"https:\/\/v-electronics.com.mx\/wp-content\/uploads\/2021\/02\/Sensor-ultrasonico-tipo-JSN-venteks-1.jpg\" \/>\n\t<meta property=\"og:image:width\" content=\"696\" \/>\n\t<meta property=\"og:image:height\" content=\"464\" \/>\n\t<meta property=\"og:image:type\" content=\"image\/jpeg\" \/>\n<meta name=\"twitter:card\" content=\"summary_large_image\" \/>\n<meta name=\"twitter:label1\" content=\"Tiempo de lectura\" \/>\n\t<meta name=\"twitter:data1\" content=\"1 minuto\" \/>\n<script type=\"application\/ld+json\" class=\"yoast-schema-graph\">{\"@context\":\"https:\/\/schema.org\",\"@graph\":[{\"@type\":\"WebPage\",\"@id\":\"https:\/\/v-electronics.com.mx\/index.php\/product\/sensor-ultrasonico-tipo-jsn\/\",\"url\":\"https:\/\/v-electronics.com.mx\/index.php\/product\/sensor-ultrasonico-tipo-jsn\/\",\"name\":\"Sensor ultrasonico tipo JSN | V-electronics | Electr\u00f3nica | Sensores |\",\"isPartOf\":{\"@id\":\"https:\/\/v-electronics.com.mx\/#website\"},\"primaryImageOfPage\":{\"@id\":\"https:\/\/v-electronics.com.mx\/index.php\/product\/sensor-ultrasonico-tipo-jsn\/#primaryimage\"},\"image\":{\"@id\":\"https:\/\/v-electronics.com.mx\/index.php\/product\/sensor-ultrasonico-tipo-jsn\/#primaryimage\"},\"thumbnailUrl\":\"https:\/\/v-electronics.com.mx\/wp-content\/uploads\/2021\/02\/Sensor-ultrasonico-tipo-JSN-venteks-1.jpg\",\"datePublished\":\"2021-02-12T23:24:41+00:00\",\"dateModified\":\"2021-03-17T15:57:20+00:00\",\"description\":\"El sensor ultras\u00f3nico JSN-SR04T es un dispositivo que mide distancia por medio de ultrasonido en un rango de 25 a 450 cm. Resistente al agua.\",\"breadcrumb\":{\"@id\":\"https:\/\/v-electronics.com.mx\/index.php\/product\/sensor-ultrasonico-tipo-jsn\/#breadcrumb\"},\"inLanguage\":\"es\",\"potentialAction\":[{\"@type\":\"ReadAction\",\"target\":[\"https:\/\/v-electronics.com.mx\/index.php\/product\/sensor-ultrasonico-tipo-jsn\/\"]}]},{\"@type\":\"ImageObject\",\"inLanguage\":\"es\",\"@id\":\"https:\/\/v-electronics.com.mx\/index.php\/product\/sensor-ultrasonico-tipo-jsn\/#primaryimage\",\"url\":\"https:\/\/v-electronics.com.mx\/wp-content\/uploads\/2021\/02\/Sensor-ultrasonico-tipo-JSN-venteks-1.jpg\",\"contentUrl\":\"https:\/\/v-electronics.com.mx\/wp-content\/uploads\/2021\/02\/Sensor-ultrasonico-tipo-JSN-venteks-1.jpg\",\"width\":696,\"height\":464,\"caption\":\"Sensor_ultrasonico_tipo_JSN\"},{\"@type\":\"BreadcrumbList\",\"@id\":\"https:\/\/v-electronics.com.mx\/index.php\/product\/sensor-ultrasonico-tipo-jsn\/#breadcrumb\",\"itemListElement\":[{\"@type\":\"ListItem\",\"position\":1,\"name\":\"Inicio\",\"item\":\"https:\/\/v-electronics.com.mx\/\"},{\"@type\":\"ListItem\",\"position\":2,\"name\":\"Tienda\",\"item\":\"https:\/\/v-electronics.com.mx\/index.php\/tienda\/\"},{\"@type\":\"ListItem\",\"position\":3,\"name\":\"Sensor ultrasonico tipo JSN\"}]},{\"@type\":\"WebSite\",\"@id\":\"https:\/\/v-electronics.com.mx\/#website\",\"url\":\"https:\/\/v-electronics.com.mx\/\",\"name\":\"V-electronics\",\"description\":\"Vending Solutions\",\"publisher\":{\"@id\":\"https:\/\/v-electronics.com.mx\/#organization\"},\"potentialAction\":[{\"@type\":\"SearchAction\",\"target\":{\"@type\":\"EntryPoint\",\"urlTemplate\":\"https:\/\/v-electronics.com.mx\/?s={search_term_string}\"},\"query-input\":{\"@type\":\"PropertyValueSpecification\",\"valueRequired\":true,\"valueName\":\"search_term_string\"}}],\"inLanguage\":\"es\"},{\"@type\":\"Organization\",\"@id\":\"https:\/\/v-electronics.com.mx\/#organization\",\"name\":\"Vcommerce\",\"url\":\"https:\/\/v-electronics.com.mx\/\",\"logo\":{\"@type\":\"ImageObject\",\"inLanguage\":\"es\",\"@id\":\"https:\/\/v-electronics.com.mx\/#\/schema\/logo\/image\/\",\"url\":\"\",\"contentUrl\":\"\",\"caption\":\"Vcommerce\"},\"image\":{\"@id\":\"https:\/\/v-electronics.com.mx\/#\/schema\/logo\/image\/\"}}]}<\/script>\n<!-- \/ Yoast SEO plugin. -->","yoast_head_json":{"title":"Sensor ultrasonico tipo JSN | V-electronics | Electr\u00f3nica | Sensores |","description":"El sensor ultras\u00f3nico JSN-SR04T es un dispositivo que mide distancia por medio de ultrasonido en un rango de 25 a 450 cm. Resistente al agua.","robots":{"index":"index","follow":"follow","max-snippet":"max-snippet:-1","max-image-preview":"max-image-preview:large","max-video-preview":"max-video-preview:-1"},"canonical":"https:\/\/v-electronics.com.mx\/index.php\/product\/sensor-ultrasonico-tipo-jsn\/","og_locale":"es_MX","og_type":"article","og_title":"Sensor ultrasonico tipo JSN | V-electronics | Electr\u00f3nica | Sensores |","og_description":"El sensor ultras\u00f3nico JSN-SR04T es un dispositivo que mide distancia por medio de ultrasonido en un rango de 25 a 450 cm. Resistente al agua.","og_url":"https:\/\/v-electronics.com.mx\/index.php\/product\/sensor-ultrasonico-tipo-jsn\/","og_site_name":"V-electronics","article_modified_time":"2021-03-17T15:57:20+00:00","og_image":[{"width":696,"height":464,"url":"https:\/\/v-electronics.com.mx\/wp-content\/uploads\/2021\/02\/Sensor-ultrasonico-tipo-JSN-venteks-1.jpg","type":"image\/jpeg"}],"twitter_card":"summary_large_image","twitter_misc":{"Tiempo de lectura":"1 minuto"},"schema":{"@context":"https:\/\/schema.org","@graph":[{"@type":"WebPage","@id":"https:\/\/v-electronics.com.mx\/index.php\/product\/sensor-ultrasonico-tipo-jsn\/","url":"https:\/\/v-electronics.com.mx\/index.php\/product\/sensor-ultrasonico-tipo-jsn\/","name":"Sensor ultrasonico tipo JSN | V-electronics | Electr\u00f3nica | Sensores |","isPartOf":{"@id":"https:\/\/v-electronics.com.mx\/#website"},"primaryImageOfPage":{"@id":"https:\/\/v-electronics.com.mx\/index.php\/product\/sensor-ultrasonico-tipo-jsn\/#primaryimage"},"image":{"@id":"https:\/\/v-electronics.com.mx\/index.php\/product\/sensor-ultrasonico-tipo-jsn\/#primaryimage"},"thumbnailUrl":"https:\/\/v-electronics.com.mx\/wp-content\/uploads\/2021\/02\/Sensor-ultrasonico-tipo-JSN-venteks-1.jpg","datePublished":"2021-02-12T23:24:41+00:00","dateModified":"2021-03-17T15:57:20+00:00","description":"El sensor ultras\u00f3nico JSN-SR04T es un dispositivo que mide distancia por medio de ultrasonido en un rango de 25 a 450 cm. Resistente al agua.","breadcrumb":{"@id":"https:\/\/v-electronics.com.mx\/index.php\/product\/sensor-ultrasonico-tipo-jsn\/#breadcrumb"},"inLanguage":"es","potentialAction":[{"@type":"ReadAction","target":["https:\/\/v-electronics.com.mx\/index.php\/product\/sensor-ultrasonico-tipo-jsn\/"]}]},{"@type":"ImageObject","inLanguage":"es","@id":"https:\/\/v-electronics.com.mx\/index.php\/product\/sensor-ultrasonico-tipo-jsn\/#primaryimage","url":"https:\/\/v-electronics.com.mx\/wp-content\/uploads\/2021\/02\/Sensor-ultrasonico-tipo-JSN-venteks-1.jpg","contentUrl":"https:\/\/v-electronics.com.mx\/wp-content\/uploads\/2021\/02\/Sensor-ultrasonico-tipo-JSN-venteks-1.jpg","width":696,"height":464,"caption":"Sensor_ultrasonico_tipo_JSN"},{"@type":"BreadcrumbList","@id":"https:\/\/v-electronics.com.mx\/index.php\/product\/sensor-ultrasonico-tipo-jsn\/#breadcrumb","itemListElement":[{"@type":"ListItem","position":1,"name":"Inicio","item":"https:\/\/v-electronics.com.mx\/"},{"@type":"ListItem","position":2,"name":"Tienda","item":"https:\/\/v-electronics.com.mx\/index.php\/tienda\/"},{"@type":"ListItem","position":3,"name":"Sensor ultrasonico tipo JSN"}]},{"@type":"WebSite","@id":"https:\/\/v-electronics.com.mx\/#website","url":"https:\/\/v-electronics.com.mx\/","name":"V-electronics","description":"Vending Solutions","publisher":{"@id":"https:\/\/v-electronics.com.mx\/#organization"},"potentialAction":[{"@type":"SearchAction","target":{"@type":"EntryPoint","urlTemplate":"https:\/\/v-electronics.com.mx\/?s={search_term_string}"},"query-input":{"@type":"PropertyValueSpecification","valueRequired":true,"valueName":"search_term_string"}}],"inLanguage":"es"},{"@type":"Organization","@id":"https:\/\/v-electronics.com.mx\/#organization","name":"Vcommerce","url":"https:\/\/v-electronics.com.mx\/","logo":{"@type":"ImageObject","inLanguage":"es","@id":"https:\/\/v-electronics.com.mx\/#\/schema\/logo\/image\/","url":"","contentUrl":"","caption":"Vcommerce"},"image":{"@id":"https:\/\/v-electronics.com.mx\/#\/schema\/logo\/image\/"}}]}},"_links":{"self":[{"href":"https:\/\/v-electronics.com.mx\/index.php\/wp-json\/wp\/v2\/product\/3627","targetHints":{"allow":["GET"]}}],"collection":[{"href":"https:\/\/v-electronics.com.mx\/index.php\/wp-json\/wp\/v2\/product"}],"about":[{"href":"https:\/\/v-electronics.com.mx\/index.php\/wp-json\/wp\/v2\/types\/product"}],"wp:featuredmedia":[{"embeddable":true,"href":"https:\/\/v-electronics.com.mx\/index.php\/wp-json\/wp\/v2\/media\/3628"}],"wp:attachment":[{"href":"https:\/\/v-electronics.com.mx\/index.php\/wp-json\/wp\/v2\/media?parent=3627"}],"wp:term":[{"taxonomy":"product_brand","embeddable":true,"href":"https:\/\/v-electronics.com.mx\/index.php\/wp-json\/wp\/v2\/product_brand?post=3627"},{"taxonomy":"product_cat","embeddable":true,"href":"https:\/\/v-electronics.com.mx\/index.php\/wp-json\/wp\/v2\/product_cat?post=3627"},{"taxonomy":"product_tag","embeddable":true,"href":"https:\/\/v-electronics.com.mx\/index.php\/wp-json\/wp\/v2\/product_tag?post=3627"}],"curies":[{"name":"wp","href":"https:\/\/api.w.org\/{rel}","templated":true}]}}