{"id":3631,"date":"2021-02-12T23:33:11","date_gmt":"2021-02-12T23:33:11","guid":{"rendered":"http:\/\/tienda.venteks.com\/?post_type=product&#038;p=3631"},"modified":"2022-06-09T14:43:34","modified_gmt":"2022-06-09T14:43:34","slug":"billetero-mei-cf7000-para-maquinas-vending","status":"publish","type":"product","link":"https:\/\/v-electronics.com.mx\/index.php\/product\/billetero-mei-cf7000-para-maquinas-vending\/","title":{"rendered":"Billetero Mei CXB2"},"content":{"rendered":"<p>El Billetero para maquinas vending Mei CXB2 cuenta con:<\/p>\n<ul>\n<li>Interfaces compatibles MDB<\/li>\n<li>Sensores de Validaci\u00f3n<\/li>\n<li>Sensor \u00f3ptico transl\u00facido: 20 l\u00edneas, 6 colores y sensor anti-hilos.<\/li>\n<li>La capacidad de moneda ampliada permite que la m\u00e1quina tome denominaciones de MXN $ 20, $ 50, $ 100, $ 200 y $ 500<\/li>\n<li>El dise\u00f1o compacto se integra a la perfecci\u00f3n con el hardware existente, sin necesidad de modificar la m\u00e1quina<\/li>\n<\/ul>\n<p>El bisel iluminado atrae a los clientes e ilustra los puntos de pago, lo que aumenta la facilidad de cada transacci\u00f3n.<\/p>\n<p>Los dipswitches intuitivos y el puerto micro USB permiten a los operadores programar y actualizar f\u00e1cilmente el software<\/p>\n<p style=\"text-align: left\">Las luces LED de alta visibilidad notifican a los operadores las fallas mec\u00e1nicas, lo que garantiza diagn\u00f3sticos r\u00e1pidos y soluci\u00f3n de problema<\/p>\n<p>Billetero para maquinas vending es la soluci\u00f3n para agilizar tus ventas.<\/p>\n","protected":false},"excerpt":{"rendered":"<p>El nuevo billetero MEI CXB2 de CPI aumenta el rendimiento de su negocio con la aceptaci\u00f3n de denominaciones hasta $500 pesos. Con el poder para procesar m\u00e1s billetes, el dise\u00f1o innovador del nuevo billetero les da a sus m\u00e1quinas mayores ganancias con una sola inversi\u00f3n.<\/p>\n","protected":false},"featured_media":3632,"template":"","meta":[],"product_brand":[],"product_cat":[124],"product_tag":[],"class_list":{"0":"post-3631","1":"product","2":"type-product","3":"status-publish","4":"has-post-thumbnail","6":"product_cat-billeteros","8":"first","9":"onbackorder","10":"featured","11":"shipping-taxable","12":"purchasable","13":"product-type-simple"},"yoast_head":"<!-- This site is optimized with the Yoast SEO plugin v25.8 - https:\/\/yoast.com\/wordpress\/plugins\/seo\/ -->\n<title>Billetero Mei CXB2 | V-electronics | Billetero para Maquinas Vending |<\/title>\n<meta name=\"description\" content=\"El Billetero Mei CXB2 para maquinas vending es la mejor opci\u00f3n para agilizar la venta en tus maquinas. Su interface es compatible con MDB.\" \/>\n<meta name=\"robots\" content=\"index, follow, max-snippet:-1, max-image-preview:large, max-video-preview:-1\" \/>\n<link rel=\"canonical\" href=\"https:\/\/v-electronics.com.mx\/index.php\/product\/billetero-mei-cf7000-para-maquinas-vending\/\" \/>\n<meta property=\"og:locale\" content=\"es_MX\" \/>\n<meta property=\"og:type\" content=\"article\" \/>\n<meta property=\"og:title\" content=\"Billetero Mei CXB2 | V-electronics | Billetero para Maquinas Vending |\" \/>\n<meta property=\"og:description\" content=\"El Billetero Mei CXB2 para maquinas vending es la mejor opci\u00f3n para agilizar la venta en tus maquinas. Su interface es compatible con MDB.\" \/>\n<meta property=\"og:url\" content=\"https:\/\/v-electronics.com.mx\/index.php\/product\/billetero-mei-cf7000-para-maquinas-vending\/\" \/>\n<meta property=\"og:site_name\" content=\"V-electronics\" \/>\n<meta property=\"article:modified_time\" content=\"2022-06-09T14:43:34+00:00\" \/>\n<meta property=\"og:image\" content=\"https:\/\/v-electronics.com.mx\/wp-content\/uploads\/2021\/02\/Billetero-MEI-CF7000-Venteks-1.jpg\" \/>\n\t<meta property=\"og:image:width\" content=\"696\" \/>\n\t<meta property=\"og:image:height\" content=\"464\" \/>\n\t<meta property=\"og:image:type\" content=\"image\/jpeg\" \/>\n<meta name=\"twitter:card\" content=\"summary_large_image\" \/>\n<meta name=\"twitter:label1\" content=\"Tiempo de lectura\" \/>\n\t<meta name=\"twitter:data1\" content=\"1 minuto\" \/>\n<script type=\"application\/ld+json\" class=\"yoast-schema-graph\">{\"@context\":\"https:\/\/schema.org\",\"@graph\":[{\"@type\":\"WebPage\",\"@id\":\"https:\/\/v-electronics.com.mx\/index.php\/product\/billetero-mei-cf7000-para-maquinas-vending\/\",\"url\":\"https:\/\/v-electronics.com.mx\/index.php\/product\/billetero-mei-cf7000-para-maquinas-vending\/\",\"name\":\"Billetero Mei CXB2 | V-electronics | Billetero para Maquinas Vending |\",\"isPartOf\":{\"@id\":\"https:\/\/v-electronics.com.mx\/#website\"},\"primaryImageOfPage\":{\"@id\":\"https:\/\/v-electronics.com.mx\/index.php\/product\/billetero-mei-cf7000-para-maquinas-vending\/#primaryimage\"},\"image\":{\"@id\":\"https:\/\/v-electronics.com.mx\/index.php\/product\/billetero-mei-cf7000-para-maquinas-vending\/#primaryimage\"},\"thumbnailUrl\":\"https:\/\/v-electronics.com.mx\/wp-content\/uploads\/2021\/02\/Billetero-MEI-CF7000-Venteks-1.jpg\",\"datePublished\":\"2021-02-12T23:33:11+00:00\",\"dateModified\":\"2022-06-09T14:43:34+00:00\",\"description\":\"El Billetero Mei CXB2 para maquinas vending es la mejor opci\u00f3n para agilizar la venta en tus maquinas. Su interface es compatible con MDB.\",\"breadcrumb\":{\"@id\":\"https:\/\/v-electronics.com.mx\/index.php\/product\/billetero-mei-cf7000-para-maquinas-vending\/#breadcrumb\"},\"inLanguage\":\"es\",\"potentialAction\":[{\"@type\":\"ReadAction\",\"target\":[\"https:\/\/v-electronics.com.mx\/index.php\/product\/billetero-mei-cf7000-para-maquinas-vending\/\"]}]},{\"@type\":\"ImageObject\",\"inLanguage\":\"es\",\"@id\":\"https:\/\/v-electronics.com.mx\/index.php\/product\/billetero-mei-cf7000-para-maquinas-vending\/#primaryimage\",\"url\":\"https:\/\/v-electronics.com.mx\/wp-content\/uploads\/2021\/02\/Billetero-MEI-CF7000-Venteks-1.jpg\",\"contentUrl\":\"https:\/\/v-electronics.com.mx\/wp-content\/uploads\/2021\/02\/Billetero-MEI-CF7000-Venteks-1.jpg\",\"width\":696,\"height\":464,\"caption\":\"MEI_VALIDADOR_Y_RECICLADOR_DE_ MONEDAS_CF7000\"},{\"@type\":\"BreadcrumbList\",\"@id\":\"https:\/\/v-electronics.com.mx\/index.php\/product\/billetero-mei-cf7000-para-maquinas-vending\/#breadcrumb\",\"itemListElement\":[{\"@type\":\"ListItem\",\"position\":1,\"name\":\"Inicio\",\"item\":\"https:\/\/v-electronics.com.mx\/\"},{\"@type\":\"ListItem\",\"position\":2,\"name\":\"Tienda\",\"item\":\"https:\/\/v-electronics.com.mx\/index.php\/tienda\/\"},{\"@type\":\"ListItem\",\"position\":3,\"name\":\"Billetero Mei CXB2\"}]},{\"@type\":\"WebSite\",\"@id\":\"https:\/\/v-electronics.com.mx\/#website\",\"url\":\"https:\/\/v-electronics.com.mx\/\",\"name\":\"V-electronics\",\"description\":\"Vending Solutions\",\"publisher\":{\"@id\":\"https:\/\/v-electronics.com.mx\/#organization\"},\"potentialAction\":[{\"@type\":\"SearchAction\",\"target\":{\"@type\":\"EntryPoint\",\"urlTemplate\":\"https:\/\/v-electronics.com.mx\/?s={search_term_string}\"},\"query-input\":{\"@type\":\"PropertyValueSpecification\",\"valueRequired\":true,\"valueName\":\"search_term_string\"}}],\"inLanguage\":\"es\"},{\"@type\":\"Organization\",\"@id\":\"https:\/\/v-electronics.com.mx\/#organization\",\"name\":\"Vcommerce\",\"url\":\"https:\/\/v-electronics.com.mx\/\",\"logo\":{\"@type\":\"ImageObject\",\"inLanguage\":\"es\",\"@id\":\"https:\/\/v-electronics.com.mx\/#\/schema\/logo\/image\/\",\"url\":\"\",\"contentUrl\":\"\",\"caption\":\"Vcommerce\"},\"image\":{\"@id\":\"https:\/\/v-electronics.com.mx\/#\/schema\/logo\/image\/\"}}]}<\/script>\n<!-- \/ Yoast SEO plugin. -->","yoast_head_json":{"title":"Billetero Mei CXB2 | V-electronics | Billetero para Maquinas Vending |","description":"El Billetero Mei CXB2 para maquinas vending es la mejor opci\u00f3n para agilizar la venta en tus maquinas. Su interface es compatible con MDB.","robots":{"index":"index","follow":"follow","max-snippet":"max-snippet:-1","max-image-preview":"max-image-preview:large","max-video-preview":"max-video-preview:-1"},"canonical":"https:\/\/v-electronics.com.mx\/index.php\/product\/billetero-mei-cf7000-para-maquinas-vending\/","og_locale":"es_MX","og_type":"article","og_title":"Billetero Mei CXB2 | V-electronics | Billetero para Maquinas Vending |","og_description":"El Billetero Mei CXB2 para maquinas vending es la mejor opci\u00f3n para agilizar la venta en tus maquinas. Su interface es compatible con MDB.","og_url":"https:\/\/v-electronics.com.mx\/index.php\/product\/billetero-mei-cf7000-para-maquinas-vending\/","og_site_name":"V-electronics","article_modified_time":"2022-06-09T14:43:34+00:00","og_image":[{"width":696,"height":464,"url":"https:\/\/v-electronics.com.mx\/wp-content\/uploads\/2021\/02\/Billetero-MEI-CF7000-Venteks-1.jpg","type":"image\/jpeg"}],"twitter_card":"summary_large_image","twitter_misc":{"Tiempo de lectura":"1 minuto"},"schema":{"@context":"https:\/\/schema.org","@graph":[{"@type":"WebPage","@id":"https:\/\/v-electronics.com.mx\/index.php\/product\/billetero-mei-cf7000-para-maquinas-vending\/","url":"https:\/\/v-electronics.com.mx\/index.php\/product\/billetero-mei-cf7000-para-maquinas-vending\/","name":"Billetero Mei CXB2 | V-electronics | Billetero para Maquinas Vending |","isPartOf":{"@id":"https:\/\/v-electronics.com.mx\/#website"},"primaryImageOfPage":{"@id":"https:\/\/v-electronics.com.mx\/index.php\/product\/billetero-mei-cf7000-para-maquinas-vending\/#primaryimage"},"image":{"@id":"https:\/\/v-electronics.com.mx\/index.php\/product\/billetero-mei-cf7000-para-maquinas-vending\/#primaryimage"},"thumbnailUrl":"https:\/\/v-electronics.com.mx\/wp-content\/uploads\/2021\/02\/Billetero-MEI-CF7000-Venteks-1.jpg","datePublished":"2021-02-12T23:33:11+00:00","dateModified":"2022-06-09T14:43:34+00:00","description":"El Billetero Mei CXB2 para maquinas vending es la mejor opci\u00f3n para agilizar la venta en tus maquinas. Su interface es compatible con MDB.","breadcrumb":{"@id":"https:\/\/v-electronics.com.mx\/index.php\/product\/billetero-mei-cf7000-para-maquinas-vending\/#breadcrumb"},"inLanguage":"es","potentialAction":[{"@type":"ReadAction","target":["https:\/\/v-electronics.com.mx\/index.php\/product\/billetero-mei-cf7000-para-maquinas-vending\/"]}]},{"@type":"ImageObject","inLanguage":"es","@id":"https:\/\/v-electronics.com.mx\/index.php\/product\/billetero-mei-cf7000-para-maquinas-vending\/#primaryimage","url":"https:\/\/v-electronics.com.mx\/wp-content\/uploads\/2021\/02\/Billetero-MEI-CF7000-Venteks-1.jpg","contentUrl":"https:\/\/v-electronics.com.mx\/wp-content\/uploads\/2021\/02\/Billetero-MEI-CF7000-Venteks-1.jpg","width":696,"height":464,"caption":"MEI_VALIDADOR_Y_RECICLADOR_DE_ MONEDAS_CF7000"},{"@type":"BreadcrumbList","@id":"https:\/\/v-electronics.com.mx\/index.php\/product\/billetero-mei-cf7000-para-maquinas-vending\/#breadcrumb","itemListElement":[{"@type":"ListItem","position":1,"name":"Inicio","item":"https:\/\/v-electronics.com.mx\/"},{"@type":"ListItem","position":2,"name":"Tienda","item":"https:\/\/v-electronics.com.mx\/index.php\/tienda\/"},{"@type":"ListItem","position":3,"name":"Billetero Mei CXB2"}]},{"@type":"WebSite","@id":"https:\/\/v-electronics.com.mx\/#website","url":"https:\/\/v-electronics.com.mx\/","name":"V-electronics","description":"Vending Solutions","publisher":{"@id":"https:\/\/v-electronics.com.mx\/#organization"},"potentialAction":[{"@type":"SearchAction","target":{"@type":"EntryPoint","urlTemplate":"https:\/\/v-electronics.com.mx\/?s={search_term_string}"},"query-input":{"@type":"PropertyValueSpecification","valueRequired":true,"valueName":"search_term_string"}}],"inLanguage":"es"},{"@type":"Organization","@id":"https:\/\/v-electronics.com.mx\/#organization","name":"Vcommerce","url":"https:\/\/v-electronics.com.mx\/","logo":{"@type":"ImageObject","inLanguage":"es","@id":"https:\/\/v-electronics.com.mx\/#\/schema\/logo\/image\/","url":"","contentUrl":"","caption":"Vcommerce"},"image":{"@id":"https:\/\/v-electronics.com.mx\/#\/schema\/logo\/image\/"}}]}},"_links":{"self":[{"href":"https:\/\/v-electronics.com.mx\/index.php\/wp-json\/wp\/v2\/product\/3631","targetHints":{"allow":["GET"]}}],"collection":[{"href":"https:\/\/v-electronics.com.mx\/index.php\/wp-json\/wp\/v2\/product"}],"about":[{"href":"https:\/\/v-electronics.com.mx\/index.php\/wp-json\/wp\/v2\/types\/product"}],"wp:featuredmedia":[{"embeddable":true,"href":"https:\/\/v-electronics.com.mx\/index.php\/wp-json\/wp\/v2\/media\/3632"}],"wp:attachment":[{"href":"https:\/\/v-electronics.com.mx\/index.php\/wp-json\/wp\/v2\/media?parent=3631"}],"wp:term":[{"taxonomy":"product_brand","embeddable":true,"href":"https:\/\/v-electronics.com.mx\/index.php\/wp-json\/wp\/v2\/product_brand?post=3631"},{"taxonomy":"product_cat","embeddable":true,"href":"https:\/\/v-electronics.com.mx\/index.php\/wp-json\/wp\/v2\/product_cat?post=3631"},{"taxonomy":"product_tag","embeddable":true,"href":"https:\/\/v-electronics.com.mx\/index.php\/wp-json\/wp\/v2\/product_tag?post=3631"}],"curies":[{"name":"wp","href":"https:\/\/api.w.org\/{rel}","templated":true}]}}