{"id":3915,"date":"2021-03-08T22:06:14","date_gmt":"2021-03-08T22:06:14","guid":{"rendered":"http:\/\/tienda.venteks.com\/?post_type=product&#038;p=3915"},"modified":"2021-04-09T16:14:33","modified_gmt":"2021-04-09T16:14:33","slug":"ozonergy-life-sanitizacion-con-ozono","status":"publish","type":"product","link":"https:\/\/v-electronics.com.mx\/index.php\/product\/ozonergy-life-sanitizacion-con-ozono\/","title":{"rendered":"Ozonergy Life"},"content":{"rendered":"<p>Es peque\u00f1o y pr\u00e1ctico, ideal para<br \/>\nusarse en el hogar para desinfectar alimentos, agua,<br \/>\nutensilios, eliminar olores e inclusive desinfectar espacios,<br \/>\npor mencionar algunos de sus usos.<\/p>\n<p>Tiene un poder oxidante 200% mayor que el del cloro y<br \/>\npuede desinfectar 3000 veces m\u00e1s r\u00e1pido. No afecta el<br \/>\npH del agua (a diferencia de otros desinfectantes)<\/p>\n<p>No requiere insumos adicionales, s\u00f3lo necesita energ\u00eda<br \/>\nel\u00e9ctrica para generar ozono a partir del ox\u00edgeno del aire.<br \/>\nNo deja residuos qu\u00edmicos pues vuelve a convertirse en<br \/>\nox\u00edgeno<\/p>\n<p>\u2022 Tama\u00f1o compacto.<br \/>\n\u2022 Refrigerado por aire<br \/>\n\u2022 Aire enfriado<br \/>\n\u2022 F\u00e1cil instalaci\u00f3n<\/p>\n<p>&nbsp;<\/p>\n","protected":false},"excerpt":{"rendered":"<p>Ozonergy Life es un generador de ozono que puede eliminar el 99.99% de los virus, bacterias, hongos y g\u00e9rmenes en cuesti\u00f3n de minutos.<\/p>\n","protected":false},"featured_media":4133,"template":"","meta":[],"product_brand":[],"product_cat":[15],"product_tag":[],"class_list":{"0":"post-3915","1":"product","2":"type-product","3":"status-publish","4":"has-post-thumbnail","6":"product_cat-uncategorized","8":"first","9":"instock","10":"shipping-taxable","11":"purchasable","12":"product-type-simple"},"yoast_head":"<!-- This site is optimized with the Yoast SEO plugin v25.8 - https:\/\/yoast.com\/wordpress\/plugins\/seo\/ -->\n<title>Sanitizaci\u00f3n con ozono | Ozonergy Life | V-electronics |<\/title>\n<meta name=\"description\" content=\"Obt\u00e9n una sanitizaci\u00f3n con ozono que te permitir\u00e1 mantenerte protegido y a tu familia. Ideal para sanitizaci\u00f3n de productos y alimentos.\" \/>\n<meta name=\"robots\" content=\"index, follow, max-snippet:-1, max-image-preview:large, max-video-preview:-1\" \/>\n<link rel=\"canonical\" href=\"https:\/\/v-electronics.com.mx\/index.php\/product\/ozonergy-life-sanitizacion-con-ozono\/\" \/>\n<meta property=\"og:locale\" content=\"es_MX\" \/>\n<meta property=\"og:type\" content=\"article\" \/>\n<meta property=\"og:title\" content=\"Sanitizaci\u00f3n con ozono | Ozonergy Life | V-electronics |\" \/>\n<meta property=\"og:description\" content=\"Obt\u00e9n una sanitizaci\u00f3n con ozono que te permitir\u00e1 mantenerte protegido y a tu familia. Ideal para sanitizaci\u00f3n de productos y alimentos.\" \/>\n<meta property=\"og:url\" content=\"https:\/\/v-electronics.com.mx\/index.php\/product\/ozonergy-life-sanitizacion-con-ozono\/\" \/>\n<meta property=\"og:site_name\" content=\"V-electronics\" \/>\n<meta property=\"article:modified_time\" content=\"2021-04-09T16:14:33+00:00\" \/>\n<meta property=\"og:image\" content=\"https:\/\/v-electronics.com.mx\/wp-content\/uploads\/2021\/03\/ozonergy-life-frontal.png\" \/>\n\t<meta property=\"og:image:width\" content=\"600\" \/>\n\t<meta property=\"og:image:height\" content=\"600\" \/>\n\t<meta property=\"og:image:type\" content=\"image\/png\" \/>\n<meta name=\"twitter:card\" content=\"summary_large_image\" \/>\n<meta name=\"twitter:label1\" content=\"Tiempo de lectura\" \/>\n\t<meta name=\"twitter:data1\" content=\"1 minuto\" \/>\n<script type=\"application\/ld+json\" class=\"yoast-schema-graph\">{\"@context\":\"https:\/\/schema.org\",\"@graph\":[{\"@type\":\"WebPage\",\"@id\":\"https:\/\/v-electronics.com.mx\/index.php\/product\/ozonergy-life-sanitizacion-con-ozono\/\",\"url\":\"https:\/\/v-electronics.com.mx\/index.php\/product\/ozonergy-life-sanitizacion-con-ozono\/\",\"name\":\"Sanitizaci\u00f3n con ozono | Ozonergy Life | V-electronics |\",\"isPartOf\":{\"@id\":\"https:\/\/v-electronics.com.mx\/#website\"},\"primaryImageOfPage\":{\"@id\":\"https:\/\/v-electronics.com.mx\/index.php\/product\/ozonergy-life-sanitizacion-con-ozono\/#primaryimage\"},\"image\":{\"@id\":\"https:\/\/v-electronics.com.mx\/index.php\/product\/ozonergy-life-sanitizacion-con-ozono\/#primaryimage\"},\"thumbnailUrl\":\"https:\/\/v-electronics.com.mx\/wp-content\/uploads\/2021\/03\/ozonergy-life-frontal.png\",\"datePublished\":\"2021-03-08T22:06:14+00:00\",\"dateModified\":\"2021-04-09T16:14:33+00:00\",\"description\":\"Obt\u00e9n una sanitizaci\u00f3n con ozono que te permitir\u00e1 mantenerte protegido y a tu familia. Ideal para sanitizaci\u00f3n de productos y alimentos.\",\"breadcrumb\":{\"@id\":\"https:\/\/v-electronics.com.mx\/index.php\/product\/ozonergy-life-sanitizacion-con-ozono\/#breadcrumb\"},\"inLanguage\":\"es\",\"potentialAction\":[{\"@type\":\"ReadAction\",\"target\":[\"https:\/\/v-electronics.com.mx\/index.php\/product\/ozonergy-life-sanitizacion-con-ozono\/\"]}]},{\"@type\":\"ImageObject\",\"inLanguage\":\"es\",\"@id\":\"https:\/\/v-electronics.com.mx\/index.php\/product\/ozonergy-life-sanitizacion-con-ozono\/#primaryimage\",\"url\":\"https:\/\/v-electronics.com.mx\/wp-content\/uploads\/2021\/03\/ozonergy-life-frontal.png\",\"contentUrl\":\"https:\/\/v-electronics.com.mx\/wp-content\/uploads\/2021\/03\/ozonergy-life-frontal.png\",\"width\":600,\"height\":600,\"caption\":\"GENERADOR_DE_OZONO_400MG\/H\"},{\"@type\":\"BreadcrumbList\",\"@id\":\"https:\/\/v-electronics.com.mx\/index.php\/product\/ozonergy-life-sanitizacion-con-ozono\/#breadcrumb\",\"itemListElement\":[{\"@type\":\"ListItem\",\"position\":1,\"name\":\"Inicio\",\"item\":\"https:\/\/v-electronics.com.mx\/\"},{\"@type\":\"ListItem\",\"position\":2,\"name\":\"Tienda\",\"item\":\"https:\/\/v-electronics.com.mx\/index.php\/tienda\/\"},{\"@type\":\"ListItem\",\"position\":3,\"name\":\"Ozonergy Life\"}]},{\"@type\":\"WebSite\",\"@id\":\"https:\/\/v-electronics.com.mx\/#website\",\"url\":\"https:\/\/v-electronics.com.mx\/\",\"name\":\"V-electronics\",\"description\":\"Vending Solutions\",\"publisher\":{\"@id\":\"https:\/\/v-electronics.com.mx\/#organization\"},\"potentialAction\":[{\"@type\":\"SearchAction\",\"target\":{\"@type\":\"EntryPoint\",\"urlTemplate\":\"https:\/\/v-electronics.com.mx\/?s={search_term_string}\"},\"query-input\":{\"@type\":\"PropertyValueSpecification\",\"valueRequired\":true,\"valueName\":\"search_term_string\"}}],\"inLanguage\":\"es\"},{\"@type\":\"Organization\",\"@id\":\"https:\/\/v-electronics.com.mx\/#organization\",\"name\":\"Vcommerce\",\"url\":\"https:\/\/v-electronics.com.mx\/\",\"logo\":{\"@type\":\"ImageObject\",\"inLanguage\":\"es\",\"@id\":\"https:\/\/v-electronics.com.mx\/#\/schema\/logo\/image\/\",\"url\":\"\",\"contentUrl\":\"\",\"caption\":\"Vcommerce\"},\"image\":{\"@id\":\"https:\/\/v-electronics.com.mx\/#\/schema\/logo\/image\/\"}}]}<\/script>\n<!-- \/ Yoast SEO plugin. -->","yoast_head_json":{"title":"Sanitizaci\u00f3n con ozono | Ozonergy Life | V-electronics |","description":"Obt\u00e9n una sanitizaci\u00f3n con ozono que te permitir\u00e1 mantenerte protegido y a tu familia. Ideal para sanitizaci\u00f3n de productos y alimentos.","robots":{"index":"index","follow":"follow","max-snippet":"max-snippet:-1","max-image-preview":"max-image-preview:large","max-video-preview":"max-video-preview:-1"},"canonical":"https:\/\/v-electronics.com.mx\/index.php\/product\/ozonergy-life-sanitizacion-con-ozono\/","og_locale":"es_MX","og_type":"article","og_title":"Sanitizaci\u00f3n con ozono | Ozonergy Life | V-electronics |","og_description":"Obt\u00e9n una sanitizaci\u00f3n con ozono que te permitir\u00e1 mantenerte protegido y a tu familia. Ideal para sanitizaci\u00f3n de productos y alimentos.","og_url":"https:\/\/v-electronics.com.mx\/index.php\/product\/ozonergy-life-sanitizacion-con-ozono\/","og_site_name":"V-electronics","article_modified_time":"2021-04-09T16:14:33+00:00","og_image":[{"width":600,"height":600,"url":"https:\/\/v-electronics.com.mx\/wp-content\/uploads\/2021\/03\/ozonergy-life-frontal.png","type":"image\/png"}],"twitter_card":"summary_large_image","twitter_misc":{"Tiempo de lectura":"1 minuto"},"schema":{"@context":"https:\/\/schema.org","@graph":[{"@type":"WebPage","@id":"https:\/\/v-electronics.com.mx\/index.php\/product\/ozonergy-life-sanitizacion-con-ozono\/","url":"https:\/\/v-electronics.com.mx\/index.php\/product\/ozonergy-life-sanitizacion-con-ozono\/","name":"Sanitizaci\u00f3n con ozono | Ozonergy Life | V-electronics |","isPartOf":{"@id":"https:\/\/v-electronics.com.mx\/#website"},"primaryImageOfPage":{"@id":"https:\/\/v-electronics.com.mx\/index.php\/product\/ozonergy-life-sanitizacion-con-ozono\/#primaryimage"},"image":{"@id":"https:\/\/v-electronics.com.mx\/index.php\/product\/ozonergy-life-sanitizacion-con-ozono\/#primaryimage"},"thumbnailUrl":"https:\/\/v-electronics.com.mx\/wp-content\/uploads\/2021\/03\/ozonergy-life-frontal.png","datePublished":"2021-03-08T22:06:14+00:00","dateModified":"2021-04-09T16:14:33+00:00","description":"Obt\u00e9n una sanitizaci\u00f3n con ozono que te permitir\u00e1 mantenerte protegido y a tu familia. Ideal para sanitizaci\u00f3n de productos y alimentos.","breadcrumb":{"@id":"https:\/\/v-electronics.com.mx\/index.php\/product\/ozonergy-life-sanitizacion-con-ozono\/#breadcrumb"},"inLanguage":"es","potentialAction":[{"@type":"ReadAction","target":["https:\/\/v-electronics.com.mx\/index.php\/product\/ozonergy-life-sanitizacion-con-ozono\/"]}]},{"@type":"ImageObject","inLanguage":"es","@id":"https:\/\/v-electronics.com.mx\/index.php\/product\/ozonergy-life-sanitizacion-con-ozono\/#primaryimage","url":"https:\/\/v-electronics.com.mx\/wp-content\/uploads\/2021\/03\/ozonergy-life-frontal.png","contentUrl":"https:\/\/v-electronics.com.mx\/wp-content\/uploads\/2021\/03\/ozonergy-life-frontal.png","width":600,"height":600,"caption":"GENERADOR_DE_OZONO_400MG\/H"},{"@type":"BreadcrumbList","@id":"https:\/\/v-electronics.com.mx\/index.php\/product\/ozonergy-life-sanitizacion-con-ozono\/#breadcrumb","itemListElement":[{"@type":"ListItem","position":1,"name":"Inicio","item":"https:\/\/v-electronics.com.mx\/"},{"@type":"ListItem","position":2,"name":"Tienda","item":"https:\/\/v-electronics.com.mx\/index.php\/tienda\/"},{"@type":"ListItem","position":3,"name":"Ozonergy Life"}]},{"@type":"WebSite","@id":"https:\/\/v-electronics.com.mx\/#website","url":"https:\/\/v-electronics.com.mx\/","name":"V-electronics","description":"Vending Solutions","publisher":{"@id":"https:\/\/v-electronics.com.mx\/#organization"},"potentialAction":[{"@type":"SearchAction","target":{"@type":"EntryPoint","urlTemplate":"https:\/\/v-electronics.com.mx\/?s={search_term_string}"},"query-input":{"@type":"PropertyValueSpecification","valueRequired":true,"valueName":"search_term_string"}}],"inLanguage":"es"},{"@type":"Organization","@id":"https:\/\/v-electronics.com.mx\/#organization","name":"Vcommerce","url":"https:\/\/v-electronics.com.mx\/","logo":{"@type":"ImageObject","inLanguage":"es","@id":"https:\/\/v-electronics.com.mx\/#\/schema\/logo\/image\/","url":"","contentUrl":"","caption":"Vcommerce"},"image":{"@id":"https:\/\/v-electronics.com.mx\/#\/schema\/logo\/image\/"}}]}},"_links":{"self":[{"href":"https:\/\/v-electronics.com.mx\/index.php\/wp-json\/wp\/v2\/product\/3915","targetHints":{"allow":["GET"]}}],"collection":[{"href":"https:\/\/v-electronics.com.mx\/index.php\/wp-json\/wp\/v2\/product"}],"about":[{"href":"https:\/\/v-electronics.com.mx\/index.php\/wp-json\/wp\/v2\/types\/product"}],"wp:featuredmedia":[{"embeddable":true,"href":"https:\/\/v-electronics.com.mx\/index.php\/wp-json\/wp\/v2\/media\/4133"}],"wp:attachment":[{"href":"https:\/\/v-electronics.com.mx\/index.php\/wp-json\/wp\/v2\/media?parent=3915"}],"wp:term":[{"taxonomy":"product_brand","embeddable":true,"href":"https:\/\/v-electronics.com.mx\/index.php\/wp-json\/wp\/v2\/product_brand?post=3915"},{"taxonomy":"product_cat","embeddable":true,"href":"https:\/\/v-electronics.com.mx\/index.php\/wp-json\/wp\/v2\/product_cat?post=3915"},{"taxonomy":"product_tag","embeddable":true,"href":"https:\/\/v-electronics.com.mx\/index.php\/wp-json\/wp\/v2\/product_tag?post=3915"}],"curies":[{"name":"wp","href":"https:\/\/api.w.org\/{rel}","templated":true}]}}