{"id":3975,"date":"2021-03-09T23:19:11","date_gmt":"2021-03-09T23:19:11","guid":{"rendered":"http:\/\/tienda.venteks.com\/?post_type=product&#038;p=3975"},"modified":"2021-03-16T18:29:11","modified_gmt":"2021-03-16T18:29:11","slug":"generador-de-ozono-portatil-serie-10-g-h","status":"publish","type":"product","link":"https:\/\/v-electronics.com.mx\/index.php\/product\/generador-de-ozono-portatil-serie-10-g-h\/","title":{"rendered":"Generador de Ozono Portatil Serie 10 g\/h"},"content":{"rendered":"<p>Generador de Ozono port\u00e1til para desinfecci\u00f3n de cuartos de hoteles, moteles, despachos, consultorios o cualquier otro lugar que requiera portabilidad.<\/p>\n<p>El ozono\u00a0<b>oxida y destruye<\/b>\u00a0los componentes de las membranas de los microorganismos provocando su muerte.\u00a0<b>Port\u00e1til<\/b>\u00a0y de\u00a0<b>alta eficiencia.<br \/>\n<\/b><\/p>\n<p>Su uso es pr\u00e1ctico y econ\u00f3mico, ya que no requiere de insumos adicionales. El ozono es generado del oxigeno del aire ambiente y segundos despu\u00e9s de actuar, el 100% del gas regresa a ser ox\u00edgeno, por lo que no deja residuos t\u00f3xicos en su uso.<\/p>\n","protected":false},"excerpt":{"rendered":"<p>Generador de Ozono port\u00e1til de acero inoxidable que produce 10 g\/h para desinfecci\u00f3n de espacios.<\/p>\n","protected":false},"featured_media":3982,"template":"","meta":[],"product_brand":[],"product_cat":[15],"product_tag":[],"class_list":{"0":"post-3975","1":"product","2":"type-product","3":"status-publish","4":"has-post-thumbnail","6":"product_cat-uncategorized","8":"first","9":"instock","10":"shipping-taxable","11":"purchasable","12":"product-type-simple"},"yoast_head":"<!-- This site is optimized with the Yoast SEO plugin v25.8 - https:\/\/yoast.com\/wordpress\/plugins\/seo\/ -->\n<title>Generador de Ozono Portatil Serie 10 g\/h | V-electronics |<\/title>\n<meta name=\"description\" content=\"Generador de ozono para desinfecci\u00f3n\/sanitizaci\u00f3n de espacios y cosas. Prot\u00e9gete y a tu familia con nuestra variedad de generadores de ozono.\" \/>\n<meta name=\"robots\" content=\"index, follow, max-snippet:-1, max-image-preview:large, max-video-preview:-1\" \/>\n<link rel=\"canonical\" href=\"https:\/\/v-electronics.com.mx\/index.php\/product\/generador-de-ozono-portatil-serie-10-g-h\/\" \/>\n<meta property=\"og:locale\" content=\"es_MX\" \/>\n<meta property=\"og:type\" content=\"article\" \/>\n<meta property=\"og:title\" content=\"Generador de Ozono Portatil Serie 10 g\/h | V-electronics |\" \/>\n<meta property=\"og:description\" content=\"Generador de ozono para desinfecci\u00f3n\/sanitizaci\u00f3n de espacios y cosas. Prot\u00e9gete y a tu familia con nuestra variedad de generadores de ozono.\" \/>\n<meta property=\"og:url\" content=\"https:\/\/v-electronics.com.mx\/index.php\/product\/generador-de-ozono-portatil-serie-10-g-h\/\" \/>\n<meta property=\"og:site_name\" content=\"V-electronics\" \/>\n<meta property=\"article:modified_time\" content=\"2021-03-16T18:29:11+00:00\" \/>\n<meta property=\"og:image\" content=\"https:\/\/v-electronics.com.mx\/wp-content\/uploads\/2021\/03\/Generador-de-Ozono-Portatil-Serie-10-frontal.jpg\" \/>\n\t<meta property=\"og:image:width\" content=\"600\" \/>\n\t<meta property=\"og:image:height\" content=\"600\" \/>\n\t<meta property=\"og:image:type\" content=\"image\/jpeg\" \/>\n<meta name=\"twitter:card\" content=\"summary_large_image\" \/>\n<meta name=\"twitter:label1\" content=\"Tiempo de lectura\" \/>\n\t<meta name=\"twitter:data1\" content=\"1 minuto\" \/>\n<script type=\"application\/ld+json\" class=\"yoast-schema-graph\">{\"@context\":\"https:\/\/schema.org\",\"@graph\":[{\"@type\":\"WebPage\",\"@id\":\"https:\/\/v-electronics.com.mx\/index.php\/product\/generador-de-ozono-portatil-serie-10-g-h\/\",\"url\":\"https:\/\/v-electronics.com.mx\/index.php\/product\/generador-de-ozono-portatil-serie-10-g-h\/\",\"name\":\"Generador de Ozono Portatil Serie 10 g\/h | V-electronics |\",\"isPartOf\":{\"@id\":\"https:\/\/v-electronics.com.mx\/#website\"},\"primaryImageOfPage\":{\"@id\":\"https:\/\/v-electronics.com.mx\/index.php\/product\/generador-de-ozono-portatil-serie-10-g-h\/#primaryimage\"},\"image\":{\"@id\":\"https:\/\/v-electronics.com.mx\/index.php\/product\/generador-de-ozono-portatil-serie-10-g-h\/#primaryimage\"},\"thumbnailUrl\":\"https:\/\/v-electronics.com.mx\/wp-content\/uploads\/2021\/03\/Generador-de-Ozono-Portatil-Serie-10-frontal.jpg\",\"datePublished\":\"2021-03-09T23:19:11+00:00\",\"dateModified\":\"2021-03-16T18:29:11+00:00\",\"description\":\"Generador de ozono para desinfecci\u00f3n\/sanitizaci\u00f3n de espacios y cosas. Prot\u00e9gete y a tu familia con nuestra variedad de generadores de ozono.\",\"breadcrumb\":{\"@id\":\"https:\/\/v-electronics.com.mx\/index.php\/product\/generador-de-ozono-portatil-serie-10-g-h\/#breadcrumb\"},\"inLanguage\":\"es\",\"potentialAction\":[{\"@type\":\"ReadAction\",\"target\":[\"https:\/\/v-electronics.com.mx\/index.php\/product\/generador-de-ozono-portatil-serie-10-g-h\/\"]}]},{\"@type\":\"ImageObject\",\"inLanguage\":\"es\",\"@id\":\"https:\/\/v-electronics.com.mx\/index.php\/product\/generador-de-ozono-portatil-serie-10-g-h\/#primaryimage\",\"url\":\"https:\/\/v-electronics.com.mx\/wp-content\/uploads\/2021\/03\/Generador-de-Ozono-Portatil-Serie-10-frontal.jpg\",\"contentUrl\":\"https:\/\/v-electronics.com.mx\/wp-content\/uploads\/2021\/03\/Generador-de-Ozono-Portatil-Serie-10-frontal.jpg\",\"width\":600,\"height\":600,\"caption\":\"GENERADOR_DE_OZONO_PORTATIL_10G\/H\"},{\"@type\":\"BreadcrumbList\",\"@id\":\"https:\/\/v-electronics.com.mx\/index.php\/product\/generador-de-ozono-portatil-serie-10-g-h\/#breadcrumb\",\"itemListElement\":[{\"@type\":\"ListItem\",\"position\":1,\"name\":\"Inicio\",\"item\":\"https:\/\/v-electronics.com.mx\/\"},{\"@type\":\"ListItem\",\"position\":2,\"name\":\"Tienda\",\"item\":\"https:\/\/v-electronics.com.mx\/index.php\/tienda\/\"},{\"@type\":\"ListItem\",\"position\":3,\"name\":\"Generador de Ozono Portatil Serie 10 g\/h\"}]},{\"@type\":\"WebSite\",\"@id\":\"https:\/\/v-electronics.com.mx\/#website\",\"url\":\"https:\/\/v-electronics.com.mx\/\",\"name\":\"V-electronics\",\"description\":\"Vending Solutions\",\"publisher\":{\"@id\":\"https:\/\/v-electronics.com.mx\/#organization\"},\"potentialAction\":[{\"@type\":\"SearchAction\",\"target\":{\"@type\":\"EntryPoint\",\"urlTemplate\":\"https:\/\/v-electronics.com.mx\/?s={search_term_string}\"},\"query-input\":{\"@type\":\"PropertyValueSpecification\",\"valueRequired\":true,\"valueName\":\"search_term_string\"}}],\"inLanguage\":\"es\"},{\"@type\":\"Organization\",\"@id\":\"https:\/\/v-electronics.com.mx\/#organization\",\"name\":\"Vcommerce\",\"url\":\"https:\/\/v-electronics.com.mx\/\",\"logo\":{\"@type\":\"ImageObject\",\"inLanguage\":\"es\",\"@id\":\"https:\/\/v-electronics.com.mx\/#\/schema\/logo\/image\/\",\"url\":\"\",\"contentUrl\":\"\",\"caption\":\"Vcommerce\"},\"image\":{\"@id\":\"https:\/\/v-electronics.com.mx\/#\/schema\/logo\/image\/\"}}]}<\/script>\n<!-- \/ Yoast SEO plugin. -->","yoast_head_json":{"title":"Generador de Ozono Portatil Serie 10 g\/h | V-electronics |","description":"Generador de ozono para desinfecci\u00f3n\/sanitizaci\u00f3n de espacios y cosas. Prot\u00e9gete y a tu familia con nuestra variedad de generadores de ozono.","robots":{"index":"index","follow":"follow","max-snippet":"max-snippet:-1","max-image-preview":"max-image-preview:large","max-video-preview":"max-video-preview:-1"},"canonical":"https:\/\/v-electronics.com.mx\/index.php\/product\/generador-de-ozono-portatil-serie-10-g-h\/","og_locale":"es_MX","og_type":"article","og_title":"Generador de Ozono Portatil Serie 10 g\/h | V-electronics |","og_description":"Generador de ozono para desinfecci\u00f3n\/sanitizaci\u00f3n de espacios y cosas. Prot\u00e9gete y a tu familia con nuestra variedad de generadores de ozono.","og_url":"https:\/\/v-electronics.com.mx\/index.php\/product\/generador-de-ozono-portatil-serie-10-g-h\/","og_site_name":"V-electronics","article_modified_time":"2021-03-16T18:29:11+00:00","og_image":[{"width":600,"height":600,"url":"https:\/\/v-electronics.com.mx\/wp-content\/uploads\/2021\/03\/Generador-de-Ozono-Portatil-Serie-10-frontal.jpg","type":"image\/jpeg"}],"twitter_card":"summary_large_image","twitter_misc":{"Tiempo de lectura":"1 minuto"},"schema":{"@context":"https:\/\/schema.org","@graph":[{"@type":"WebPage","@id":"https:\/\/v-electronics.com.mx\/index.php\/product\/generador-de-ozono-portatil-serie-10-g-h\/","url":"https:\/\/v-electronics.com.mx\/index.php\/product\/generador-de-ozono-portatil-serie-10-g-h\/","name":"Generador de Ozono Portatil Serie 10 g\/h | V-electronics |","isPartOf":{"@id":"https:\/\/v-electronics.com.mx\/#website"},"primaryImageOfPage":{"@id":"https:\/\/v-electronics.com.mx\/index.php\/product\/generador-de-ozono-portatil-serie-10-g-h\/#primaryimage"},"image":{"@id":"https:\/\/v-electronics.com.mx\/index.php\/product\/generador-de-ozono-portatil-serie-10-g-h\/#primaryimage"},"thumbnailUrl":"https:\/\/v-electronics.com.mx\/wp-content\/uploads\/2021\/03\/Generador-de-Ozono-Portatil-Serie-10-frontal.jpg","datePublished":"2021-03-09T23:19:11+00:00","dateModified":"2021-03-16T18:29:11+00:00","description":"Generador de ozono para desinfecci\u00f3n\/sanitizaci\u00f3n de espacios y cosas. Prot\u00e9gete y a tu familia con nuestra variedad de generadores de ozono.","breadcrumb":{"@id":"https:\/\/v-electronics.com.mx\/index.php\/product\/generador-de-ozono-portatil-serie-10-g-h\/#breadcrumb"},"inLanguage":"es","potentialAction":[{"@type":"ReadAction","target":["https:\/\/v-electronics.com.mx\/index.php\/product\/generador-de-ozono-portatil-serie-10-g-h\/"]}]},{"@type":"ImageObject","inLanguage":"es","@id":"https:\/\/v-electronics.com.mx\/index.php\/product\/generador-de-ozono-portatil-serie-10-g-h\/#primaryimage","url":"https:\/\/v-electronics.com.mx\/wp-content\/uploads\/2021\/03\/Generador-de-Ozono-Portatil-Serie-10-frontal.jpg","contentUrl":"https:\/\/v-electronics.com.mx\/wp-content\/uploads\/2021\/03\/Generador-de-Ozono-Portatil-Serie-10-frontal.jpg","width":600,"height":600,"caption":"GENERADOR_DE_OZONO_PORTATIL_10G\/H"},{"@type":"BreadcrumbList","@id":"https:\/\/v-electronics.com.mx\/index.php\/product\/generador-de-ozono-portatil-serie-10-g-h\/#breadcrumb","itemListElement":[{"@type":"ListItem","position":1,"name":"Inicio","item":"https:\/\/v-electronics.com.mx\/"},{"@type":"ListItem","position":2,"name":"Tienda","item":"https:\/\/v-electronics.com.mx\/index.php\/tienda\/"},{"@type":"ListItem","position":3,"name":"Generador de Ozono Portatil Serie 10 g\/h"}]},{"@type":"WebSite","@id":"https:\/\/v-electronics.com.mx\/#website","url":"https:\/\/v-electronics.com.mx\/","name":"V-electronics","description":"Vending Solutions","publisher":{"@id":"https:\/\/v-electronics.com.mx\/#organization"},"potentialAction":[{"@type":"SearchAction","target":{"@type":"EntryPoint","urlTemplate":"https:\/\/v-electronics.com.mx\/?s={search_term_string}"},"query-input":{"@type":"PropertyValueSpecification","valueRequired":true,"valueName":"search_term_string"}}],"inLanguage":"es"},{"@type":"Organization","@id":"https:\/\/v-electronics.com.mx\/#organization","name":"Vcommerce","url":"https:\/\/v-electronics.com.mx\/","logo":{"@type":"ImageObject","inLanguage":"es","@id":"https:\/\/v-electronics.com.mx\/#\/schema\/logo\/image\/","url":"","contentUrl":"","caption":"Vcommerce"},"image":{"@id":"https:\/\/v-electronics.com.mx\/#\/schema\/logo\/image\/"}}]}},"_links":{"self":[{"href":"https:\/\/v-electronics.com.mx\/index.php\/wp-json\/wp\/v2\/product\/3975","targetHints":{"allow":["GET"]}}],"collection":[{"href":"https:\/\/v-electronics.com.mx\/index.php\/wp-json\/wp\/v2\/product"}],"about":[{"href":"https:\/\/v-electronics.com.mx\/index.php\/wp-json\/wp\/v2\/types\/product"}],"wp:featuredmedia":[{"embeddable":true,"href":"https:\/\/v-electronics.com.mx\/index.php\/wp-json\/wp\/v2\/media\/3982"}],"wp:attachment":[{"href":"https:\/\/v-electronics.com.mx\/index.php\/wp-json\/wp\/v2\/media?parent=3975"}],"wp:term":[{"taxonomy":"product_brand","embeddable":true,"href":"https:\/\/v-electronics.com.mx\/index.php\/wp-json\/wp\/v2\/product_brand?post=3975"},{"taxonomy":"product_cat","embeddable":true,"href":"https:\/\/v-electronics.com.mx\/index.php\/wp-json\/wp\/v2\/product_cat?post=3975"},{"taxonomy":"product_tag","embeddable":true,"href":"https:\/\/v-electronics.com.mx\/index.php\/wp-json\/wp\/v2\/product_tag?post=3975"}],"curies":[{"name":"wp","href":"https:\/\/api.w.org\/{rel}","templated":true}]}}