{"id":4130,"date":"2021-03-25T16:01:31","date_gmt":"2021-03-25T16:01:31","guid":{"rendered":"http:\/\/tienda.venteks.com\/?post_type=product&#038;p=4130"},"modified":"2023-02-23T22:24:54","modified_gmt":"2023-02-23T22:24:54","slug":"tarjeta-control-de-acceso-torniquetes","status":"publish","type":"product","link":"https:\/\/v-electronics.com.mx\/index.php\/product\/tarjeta-control-de-acceso-torniquetes\/","title":{"rendered":"Tarjeta Control de accesos de Torniquetes"},"content":{"rendered":"<p style=\"text-align: left\">Unidad de control electr\u00f3nico de alta tecnolog\u00eda para el control de accesos por medio de pago con monedas.<br \/>\n<em>Configurable y escalable para monederos avanzados o b\u00e1sicos, <\/em><em>con o sin manejo de cambio.<\/em><\/p>\n<p>Control de accesos de Torniquetes, dispositivo que controla el sistema de acceso de torniquetes, ofrece una serie de innovaciones tecnol\u00f3gicas que facilitan la operaci\u00f3n y administraci\u00f3n de los equipos.<\/p>\n<p>Telemetr\u00eda<\/p>\n<p style=\"text-align: left\">El sistema de telemetr\u00eda permite visualizar, en tiempo real, informaci\u00f3n y estado de<br \/>\ntus equipos, facilitando la administraci\u00f3n y operaci\u00f3n de ellos.<br \/>\nAccede a tu portal de administraci\u00f3n desde cualquier dispositivo y conoce ventas, cantidad<br \/>\nde dinero, estado de todos los equipos y alertas. Programa de manera eficiente las<br \/>\nrecolecciones de dinero y atiende de forma inmediata los problemas.<\/p>\n<p>INCLUYE:<\/p>\n<ul>\n<li>Tarjeta FADS REV F (Unidad de control de accesos).<\/li>\n<li>Display grande 4\u00d720 caracteres.<\/li>\n<li>Arn\u00e9s de conexi\u00f3n Display.<\/li>\n<li>Tarjeta de relevador externo.<\/li>\n<li>Fuente de voltaje\u00a0 12v.<\/li>\n<li>Transformador a 24v .5A (<strong><em>A petici\u00f3n del cliente<\/em><\/strong>).<\/li>\n<li>Telemetr\u00eda y Antena GPRS (<strong><strong><em>A petici\u00f3n del cliente).<\/em><\/strong><\/strong><em><em>*NO INCLUYE MONEDERO*<\/em><\/em>Adqui\u00e9relo por separado en la secci\u00f3n\u00a0&#8220;Monederos&#8221;\n<p>&nbsp;<\/li>\n<\/ul>\n<p style=\"text-align: left\">\n","protected":false},"excerpt":{"rendered":"<p>Unidad de control electr\u00f3nico de alta tecnolog\u00eda para el control de accesos por medio de pago con monedas.<br \/>\n<em>Configurable y escalable para monederos avanzados o b\u00e1sicos, <\/em><em>con o sin manejo de cambio.<\/em><\/p>\n","protected":false},"featured_media":4132,"template":"","meta":[],"product_brand":[],"product_cat":[15],"product_tag":[],"class_list":{"0":"post-4130","1":"product","2":"type-product","3":"status-publish","4":"has-post-thumbnail","6":"product_cat-uncategorized","8":"first","9":"onbackorder","10":"shipping-taxable","11":"purchasable","12":"product-type-simple"},"yoast_head":"<!-- This site is optimized with the Yoast SEO plugin v25.8 - https:\/\/yoast.com\/wordpress\/plugins\/seo\/ -->\n<title>Tarjeta Control de accesos de Torniquetes | V-electronics<\/title>\n<meta name=\"description\" content=\"La tarjeta de control de accesos de torniquetes ofrece una soluci\u00f3n tecnol\u00f3gica y fiable para el control de accesos y cobro a distancia.\" \/>\n<meta name=\"robots\" content=\"index, follow, max-snippet:-1, max-image-preview:large, max-video-preview:-1\" \/>\n<link rel=\"canonical\" href=\"https:\/\/v-electronics.com.mx\/index.php\/product\/tarjeta-control-de-acceso-torniquetes\/\" \/>\n<meta property=\"og:locale\" content=\"es_MX\" \/>\n<meta property=\"og:type\" content=\"article\" \/>\n<meta property=\"og:title\" content=\"Tarjeta Control de accesos de Torniquetes | V-electronics\" \/>\n<meta property=\"og:description\" content=\"La tarjeta de control de accesos de torniquetes ofrece una soluci\u00f3n tecnol\u00f3gica y fiable para el control de accesos y cobro a distancia.\" \/>\n<meta property=\"og:url\" content=\"https:\/\/v-electronics.com.mx\/index.php\/product\/tarjeta-control-de-acceso-torniquetes\/\" \/>\n<meta property=\"og:site_name\" content=\"V-electronics\" \/>\n<meta property=\"article:modified_time\" content=\"2023-02-23T22:24:54+00:00\" \/>\n<meta property=\"og:image\" content=\"https:\/\/v-electronics.com.mx\/wp-content\/uploads\/2021\/03\/kit-fads-torniquetes-.png\" \/>\n\t<meta property=\"og:image:width\" content=\"600\" \/>\n\t<meta property=\"og:image:height\" content=\"600\" \/>\n\t<meta property=\"og:image:type\" content=\"image\/png\" \/>\n<meta name=\"twitter:card\" content=\"summary_large_image\" \/>\n<meta name=\"twitter:label1\" content=\"Tiempo de lectura\" \/>\n\t<meta name=\"twitter:data1\" content=\"1 minuto\" \/>\n<script type=\"application\/ld+json\" class=\"yoast-schema-graph\">{\"@context\":\"https:\/\/schema.org\",\"@graph\":[{\"@type\":\"WebPage\",\"@id\":\"https:\/\/v-electronics.com.mx\/index.php\/product\/tarjeta-control-de-acceso-torniquetes\/\",\"url\":\"https:\/\/v-electronics.com.mx\/index.php\/product\/tarjeta-control-de-acceso-torniquetes\/\",\"name\":\"Tarjeta Control de accesos de Torniquetes | V-electronics\",\"isPartOf\":{\"@id\":\"https:\/\/v-electronics.com.mx\/#website\"},\"primaryImageOfPage\":{\"@id\":\"https:\/\/v-electronics.com.mx\/index.php\/product\/tarjeta-control-de-acceso-torniquetes\/#primaryimage\"},\"image\":{\"@id\":\"https:\/\/v-electronics.com.mx\/index.php\/product\/tarjeta-control-de-acceso-torniquetes\/#primaryimage\"},\"thumbnailUrl\":\"https:\/\/v-electronics.com.mx\/wp-content\/uploads\/2021\/03\/kit-fads-torniquetes-.png\",\"datePublished\":\"2021-03-25T16:01:31+00:00\",\"dateModified\":\"2023-02-23T22:24:54+00:00\",\"description\":\"La tarjeta de control de accesos de torniquetes ofrece una soluci\u00f3n tecnol\u00f3gica y fiable para el control de accesos y cobro a distancia.\",\"breadcrumb\":{\"@id\":\"https:\/\/v-electronics.com.mx\/index.php\/product\/tarjeta-control-de-acceso-torniquetes\/#breadcrumb\"},\"inLanguage\":\"es\",\"potentialAction\":[{\"@type\":\"ReadAction\",\"target\":[\"https:\/\/v-electronics.com.mx\/index.php\/product\/tarjeta-control-de-acceso-torniquetes\/\"]}]},{\"@type\":\"ImageObject\",\"inLanguage\":\"es\",\"@id\":\"https:\/\/v-electronics.com.mx\/index.php\/product\/tarjeta-control-de-acceso-torniquetes\/#primaryimage\",\"url\":\"https:\/\/v-electronics.com.mx\/wp-content\/uploads\/2021\/03\/kit-fads-torniquetes-.png\",\"contentUrl\":\"https:\/\/v-electronics.com.mx\/wp-content\/uploads\/2021\/03\/kit-fads-torniquetes-.png\",\"width\":600,\"height\":600,\"caption\":\"UNIDAD_ELECTR\u00d3NICA_PARA_MAQUINA_VENDING_DE_CONTROL_DE_ACCESOS\"},{\"@type\":\"BreadcrumbList\",\"@id\":\"https:\/\/v-electronics.com.mx\/index.php\/product\/tarjeta-control-de-acceso-torniquetes\/#breadcrumb\",\"itemListElement\":[{\"@type\":\"ListItem\",\"position\":1,\"name\":\"Inicio\",\"item\":\"https:\/\/v-electronics.com.mx\/\"},{\"@type\":\"ListItem\",\"position\":2,\"name\":\"Tienda\",\"item\":\"https:\/\/v-electronics.com.mx\/index.php\/tienda\/\"},{\"@type\":\"ListItem\",\"position\":3,\"name\":\"Tarjeta Control de accesos de Torniquetes\"}]},{\"@type\":\"WebSite\",\"@id\":\"https:\/\/v-electronics.com.mx\/#website\",\"url\":\"https:\/\/v-electronics.com.mx\/\",\"name\":\"V-electronics\",\"description\":\"Vending Solutions\",\"publisher\":{\"@id\":\"https:\/\/v-electronics.com.mx\/#organization\"},\"potentialAction\":[{\"@type\":\"SearchAction\",\"target\":{\"@type\":\"EntryPoint\",\"urlTemplate\":\"https:\/\/v-electronics.com.mx\/?s={search_term_string}\"},\"query-input\":{\"@type\":\"PropertyValueSpecification\",\"valueRequired\":true,\"valueName\":\"search_term_string\"}}],\"inLanguage\":\"es\"},{\"@type\":\"Organization\",\"@id\":\"https:\/\/v-electronics.com.mx\/#organization\",\"name\":\"Vcommerce\",\"url\":\"https:\/\/v-electronics.com.mx\/\",\"logo\":{\"@type\":\"ImageObject\",\"inLanguage\":\"es\",\"@id\":\"https:\/\/v-electronics.com.mx\/#\/schema\/logo\/image\/\",\"url\":\"\",\"contentUrl\":\"\",\"caption\":\"Vcommerce\"},\"image\":{\"@id\":\"https:\/\/v-electronics.com.mx\/#\/schema\/logo\/image\/\"}}]}<\/script>\n<!-- \/ Yoast SEO plugin. -->","yoast_head_json":{"title":"Tarjeta Control de accesos de Torniquetes | V-electronics","description":"La tarjeta de control de accesos de torniquetes ofrece una soluci\u00f3n tecnol\u00f3gica y fiable para el control de accesos y cobro a distancia.","robots":{"index":"index","follow":"follow","max-snippet":"max-snippet:-1","max-image-preview":"max-image-preview:large","max-video-preview":"max-video-preview:-1"},"canonical":"https:\/\/v-electronics.com.mx\/index.php\/product\/tarjeta-control-de-acceso-torniquetes\/","og_locale":"es_MX","og_type":"article","og_title":"Tarjeta Control de accesos de Torniquetes | V-electronics","og_description":"La tarjeta de control de accesos de torniquetes ofrece una soluci\u00f3n tecnol\u00f3gica y fiable para el control de accesos y cobro a distancia.","og_url":"https:\/\/v-electronics.com.mx\/index.php\/product\/tarjeta-control-de-acceso-torniquetes\/","og_site_name":"V-electronics","article_modified_time":"2023-02-23T22:24:54+00:00","og_image":[{"width":600,"height":600,"url":"https:\/\/v-electronics.com.mx\/wp-content\/uploads\/2021\/03\/kit-fads-torniquetes-.png","type":"image\/png"}],"twitter_card":"summary_large_image","twitter_misc":{"Tiempo de lectura":"1 minuto"},"schema":{"@context":"https:\/\/schema.org","@graph":[{"@type":"WebPage","@id":"https:\/\/v-electronics.com.mx\/index.php\/product\/tarjeta-control-de-acceso-torniquetes\/","url":"https:\/\/v-electronics.com.mx\/index.php\/product\/tarjeta-control-de-acceso-torniquetes\/","name":"Tarjeta Control de accesos de Torniquetes | V-electronics","isPartOf":{"@id":"https:\/\/v-electronics.com.mx\/#website"},"primaryImageOfPage":{"@id":"https:\/\/v-electronics.com.mx\/index.php\/product\/tarjeta-control-de-acceso-torniquetes\/#primaryimage"},"image":{"@id":"https:\/\/v-electronics.com.mx\/index.php\/product\/tarjeta-control-de-acceso-torniquetes\/#primaryimage"},"thumbnailUrl":"https:\/\/v-electronics.com.mx\/wp-content\/uploads\/2021\/03\/kit-fads-torniquetes-.png","datePublished":"2021-03-25T16:01:31+00:00","dateModified":"2023-02-23T22:24:54+00:00","description":"La tarjeta de control de accesos de torniquetes ofrece una soluci\u00f3n tecnol\u00f3gica y fiable para el control de accesos y cobro a distancia.","breadcrumb":{"@id":"https:\/\/v-electronics.com.mx\/index.php\/product\/tarjeta-control-de-acceso-torniquetes\/#breadcrumb"},"inLanguage":"es","potentialAction":[{"@type":"ReadAction","target":["https:\/\/v-electronics.com.mx\/index.php\/product\/tarjeta-control-de-acceso-torniquetes\/"]}]},{"@type":"ImageObject","inLanguage":"es","@id":"https:\/\/v-electronics.com.mx\/index.php\/product\/tarjeta-control-de-acceso-torniquetes\/#primaryimage","url":"https:\/\/v-electronics.com.mx\/wp-content\/uploads\/2021\/03\/kit-fads-torniquetes-.png","contentUrl":"https:\/\/v-electronics.com.mx\/wp-content\/uploads\/2021\/03\/kit-fads-torniquetes-.png","width":600,"height":600,"caption":"UNIDAD_ELECTR\u00d3NICA_PARA_MAQUINA_VENDING_DE_CONTROL_DE_ACCESOS"},{"@type":"BreadcrumbList","@id":"https:\/\/v-electronics.com.mx\/index.php\/product\/tarjeta-control-de-acceso-torniquetes\/#breadcrumb","itemListElement":[{"@type":"ListItem","position":1,"name":"Inicio","item":"https:\/\/v-electronics.com.mx\/"},{"@type":"ListItem","position":2,"name":"Tienda","item":"https:\/\/v-electronics.com.mx\/index.php\/tienda\/"},{"@type":"ListItem","position":3,"name":"Tarjeta Control de accesos de Torniquetes"}]},{"@type":"WebSite","@id":"https:\/\/v-electronics.com.mx\/#website","url":"https:\/\/v-electronics.com.mx\/","name":"V-electronics","description":"Vending Solutions","publisher":{"@id":"https:\/\/v-electronics.com.mx\/#organization"},"potentialAction":[{"@type":"SearchAction","target":{"@type":"EntryPoint","urlTemplate":"https:\/\/v-electronics.com.mx\/?s={search_term_string}"},"query-input":{"@type":"PropertyValueSpecification","valueRequired":true,"valueName":"search_term_string"}}],"inLanguage":"es"},{"@type":"Organization","@id":"https:\/\/v-electronics.com.mx\/#organization","name":"Vcommerce","url":"https:\/\/v-electronics.com.mx\/","logo":{"@type":"ImageObject","inLanguage":"es","@id":"https:\/\/v-electronics.com.mx\/#\/schema\/logo\/image\/","url":"","contentUrl":"","caption":"Vcommerce"},"image":{"@id":"https:\/\/v-electronics.com.mx\/#\/schema\/logo\/image\/"}}]}},"_links":{"self":[{"href":"https:\/\/v-electronics.com.mx\/index.php\/wp-json\/wp\/v2\/product\/4130","targetHints":{"allow":["GET"]}}],"collection":[{"href":"https:\/\/v-electronics.com.mx\/index.php\/wp-json\/wp\/v2\/product"}],"about":[{"href":"https:\/\/v-electronics.com.mx\/index.php\/wp-json\/wp\/v2\/types\/product"}],"wp:featuredmedia":[{"embeddable":true,"href":"https:\/\/v-electronics.com.mx\/index.php\/wp-json\/wp\/v2\/media\/4132"}],"wp:attachment":[{"href":"https:\/\/v-electronics.com.mx\/index.php\/wp-json\/wp\/v2\/media?parent=4130"}],"wp:term":[{"taxonomy":"product_brand","embeddable":true,"href":"https:\/\/v-electronics.com.mx\/index.php\/wp-json\/wp\/v2\/product_brand?post=4130"},{"taxonomy":"product_cat","embeddable":true,"href":"https:\/\/v-electronics.com.mx\/index.php\/wp-json\/wp\/v2\/product_cat?post=4130"},{"taxonomy":"product_tag","embeddable":true,"href":"https:\/\/v-electronics.com.mx\/index.php\/wp-json\/wp\/v2\/product_tag?post=4130"}],"curies":[{"name":"wp","href":"https:\/\/api.w.org\/{rel}","templated":true}]}}