{"id":4529,"date":"2021-05-17T17:42:59","date_gmt":"2021-05-17T17:42:59","guid":{"rendered":"https:\/\/v-electronics.com.mx\/?post_type=product&#038;p=4529"},"modified":"2022-04-26T16:23:59","modified_gmt":"2022-04-26T16:23:59","slug":"boton-plastico-con-led-y-arnes","status":"publish","type":"product","link":"https:\/\/v-electronics.com.mx\/index.php\/product\/boton-plastico-con-led-y-arnes\/","title":{"rendered":"Bot\u00f3n Pl\u00e1stico con Led Y Arn\u00e9s"},"content":{"rendered":"<p>Bot\u00f3n Pl\u00e1stico Con Led y Arn\u00e9s para maquinas vending y arcades. Elegible a 3 colores, ROJO, AZUL y AMARILLO. 45mm de di\u00e1metro y 90cm de arn\u00e9s. Escr\u00edbenos directamente a nuestro WhatsApp para hacer tu pedido o realiza la compra desde esta plataforma.<\/p>\n","protected":false},"excerpt":{"rendered":"<p>Bot\u00f3n Pl\u00e1stico Con Led Y Arn\u00e9s ideal para maquinas vending y arcades.<\/p>\n","protected":false},"featured_media":4532,"template":"","meta":[],"product_brand":[],"product_cat":[15],"product_tag":[],"class_list":{"0":"post-4529","1":"product","2":"type-product","3":"status-publish","4":"has-post-thumbnail","6":"product_cat-uncategorized","7":"pa_color-amarillo","8":"pa_color-azul","9":"pa_color-rojo","11":"first","12":"instock","13":"shipping-taxable","14":"purchasable","15":"product-type-variable"},"yoast_head":"<!-- This site is optimized with the Yoast SEO plugin v25.8 - https:\/\/yoast.com\/wordpress\/plugins\/seo\/ -->\n<title>Bot\u00f3n Pl\u00e1stico con Led Y Arn\u00e9s | V-electronics | Arcade | Vending |<\/title>\n<meta name=\"description\" content=\"Bot\u00f3n Pl\u00e1stico Con Led y Arn\u00e9s para maquinas vending y arcades. Elegible a 3 colores, ROJO, AZUL y AMARILLO.\" \/>\n<meta name=\"robots\" content=\"index, follow, max-snippet:-1, max-image-preview:large, max-video-preview:-1\" \/>\n<link rel=\"canonical\" href=\"https:\/\/v-electronics.com.mx\/index.php\/product\/boton-plastico-con-led-y-arnes\/\" \/>\n<meta property=\"og:locale\" content=\"es_MX\" \/>\n<meta property=\"og:type\" content=\"article\" \/>\n<meta property=\"og:title\" content=\"Bot\u00f3n Pl\u00e1stico con Led Y Arn\u00e9s | V-electronics | Arcade | Vending |\" \/>\n<meta property=\"og:description\" content=\"Bot\u00f3n Pl\u00e1stico Con Led y Arn\u00e9s para maquinas vending y arcades. Elegible a 3 colores, ROJO, AZUL y AMARILLO.\" \/>\n<meta property=\"og:url\" content=\"https:\/\/v-electronics.com.mx\/index.php\/product\/boton-plastico-con-led-y-arnes\/\" \/>\n<meta property=\"og:site_name\" content=\"V-electronics\" \/>\n<meta property=\"article:modified_time\" content=\"2022-04-26T16:23:59+00:00\" \/>\n<meta property=\"og:image\" content=\"https:\/\/v-electronics.com.mx\/wp-content\/uploads\/2021\/05\/Boton-plastico-con-LED-y-arnes-color-azul-rojo-amarillo-venteks-2-1-scaled.jpg\" \/>\n\t<meta property=\"og:image:width\" content=\"2560\" \/>\n\t<meta property=\"og:image:height\" content=\"1707\" \/>\n\t<meta property=\"og:image:type\" content=\"image\/jpeg\" \/>\n<meta name=\"twitter:card\" content=\"summary_large_image\" \/>\n<meta name=\"twitter:label1\" content=\"Tiempo de lectura\" \/>\n\t<meta name=\"twitter:data1\" content=\"1 minuto\" \/>\n<script type=\"application\/ld+json\" class=\"yoast-schema-graph\">{\"@context\":\"https:\/\/schema.org\",\"@graph\":[{\"@type\":\"WebPage\",\"@id\":\"https:\/\/v-electronics.com.mx\/index.php\/product\/boton-plastico-con-led-y-arnes\/\",\"url\":\"https:\/\/v-electronics.com.mx\/index.php\/product\/boton-plastico-con-led-y-arnes\/\",\"name\":\"Bot\u00f3n Pl\u00e1stico con Led Y Arn\u00e9s | V-electronics | Arcade | Vending |\",\"isPartOf\":{\"@id\":\"https:\/\/v-electronics.com.mx\/#website\"},\"primaryImageOfPage\":{\"@id\":\"https:\/\/v-electronics.com.mx\/index.php\/product\/boton-plastico-con-led-y-arnes\/#primaryimage\"},\"image\":{\"@id\":\"https:\/\/v-electronics.com.mx\/index.php\/product\/boton-plastico-con-led-y-arnes\/#primaryimage\"},\"thumbnailUrl\":\"https:\/\/v-electronics.com.mx\/wp-content\/uploads\/2021\/05\/Boton-plastico-con-LED-y-arnes-color-azul-rojo-amarillo-venteks-2-1-scaled.jpg\",\"datePublished\":\"2021-05-17T17:42:59+00:00\",\"dateModified\":\"2022-04-26T16:23:59+00:00\",\"description\":\"Bot\u00f3n Pl\u00e1stico Con Led y Arn\u00e9s para maquinas vending y arcades. Elegible a 3 colores, ROJO, AZUL y AMARILLO.\",\"breadcrumb\":{\"@id\":\"https:\/\/v-electronics.com.mx\/index.php\/product\/boton-plastico-con-led-y-arnes\/#breadcrumb\"},\"inLanguage\":\"es\",\"potentialAction\":[{\"@type\":\"ReadAction\",\"target\":[\"https:\/\/v-electronics.com.mx\/index.php\/product\/boton-plastico-con-led-y-arnes\/\"]}]},{\"@type\":\"ImageObject\",\"inLanguage\":\"es\",\"@id\":\"https:\/\/v-electronics.com.mx\/index.php\/product\/boton-plastico-con-led-y-arnes\/#primaryimage\",\"url\":\"https:\/\/v-electronics.com.mx\/wp-content\/uploads\/2021\/05\/Boton-plastico-con-LED-y-arnes-color-azul-rojo-amarillo-venteks-2-1-scaled.jpg\",\"contentUrl\":\"https:\/\/v-electronics.com.mx\/wp-content\/uploads\/2021\/05\/Boton-plastico-con-LED-y-arnes-color-azul-rojo-amarillo-venteks-2-1-scaled.jpg\",\"width\":2560,\"height\":1707},{\"@type\":\"BreadcrumbList\",\"@id\":\"https:\/\/v-electronics.com.mx\/index.php\/product\/boton-plastico-con-led-y-arnes\/#breadcrumb\",\"itemListElement\":[{\"@type\":\"ListItem\",\"position\":1,\"name\":\"Inicio\",\"item\":\"https:\/\/v-electronics.com.mx\/\"},{\"@type\":\"ListItem\",\"position\":2,\"name\":\"Tienda\",\"item\":\"https:\/\/v-electronics.com.mx\/index.php\/tienda\/\"},{\"@type\":\"ListItem\",\"position\":3,\"name\":\"Bot\u00f3n Pl\u00e1stico con Led Y Arn\u00e9s\"}]},{\"@type\":\"WebSite\",\"@id\":\"https:\/\/v-electronics.com.mx\/#website\",\"url\":\"https:\/\/v-electronics.com.mx\/\",\"name\":\"V-electronics\",\"description\":\"Vending Solutions\",\"publisher\":{\"@id\":\"https:\/\/v-electronics.com.mx\/#organization\"},\"potentialAction\":[{\"@type\":\"SearchAction\",\"target\":{\"@type\":\"EntryPoint\",\"urlTemplate\":\"https:\/\/v-electronics.com.mx\/?s={search_term_string}\"},\"query-input\":{\"@type\":\"PropertyValueSpecification\",\"valueRequired\":true,\"valueName\":\"search_term_string\"}}],\"inLanguage\":\"es\"},{\"@type\":\"Organization\",\"@id\":\"https:\/\/v-electronics.com.mx\/#organization\",\"name\":\"Vcommerce\",\"url\":\"https:\/\/v-electronics.com.mx\/\",\"logo\":{\"@type\":\"ImageObject\",\"inLanguage\":\"es\",\"@id\":\"https:\/\/v-electronics.com.mx\/#\/schema\/logo\/image\/\",\"url\":\"\",\"contentUrl\":\"\",\"caption\":\"Vcommerce\"},\"image\":{\"@id\":\"https:\/\/v-electronics.com.mx\/#\/schema\/logo\/image\/\"}}]}<\/script>\n<!-- \/ Yoast SEO plugin. -->","yoast_head_json":{"title":"Bot\u00f3n Pl\u00e1stico con Led Y Arn\u00e9s | V-electronics | Arcade | Vending |","description":"Bot\u00f3n Pl\u00e1stico Con Led y Arn\u00e9s para maquinas vending y arcades. Elegible a 3 colores, ROJO, AZUL y AMARILLO.","robots":{"index":"index","follow":"follow","max-snippet":"max-snippet:-1","max-image-preview":"max-image-preview:large","max-video-preview":"max-video-preview:-1"},"canonical":"https:\/\/v-electronics.com.mx\/index.php\/product\/boton-plastico-con-led-y-arnes\/","og_locale":"es_MX","og_type":"article","og_title":"Bot\u00f3n Pl\u00e1stico con Led Y Arn\u00e9s | V-electronics | Arcade | Vending |","og_description":"Bot\u00f3n Pl\u00e1stico Con Led y Arn\u00e9s para maquinas vending y arcades. Elegible a 3 colores, ROJO, AZUL y AMARILLO.","og_url":"https:\/\/v-electronics.com.mx\/index.php\/product\/boton-plastico-con-led-y-arnes\/","og_site_name":"V-electronics","article_modified_time":"2022-04-26T16:23:59+00:00","og_image":[{"width":2560,"height":1707,"url":"https:\/\/v-electronics.com.mx\/wp-content\/uploads\/2021\/05\/Boton-plastico-con-LED-y-arnes-color-azul-rojo-amarillo-venteks-2-1-scaled.jpg","type":"image\/jpeg"}],"twitter_card":"summary_large_image","twitter_misc":{"Tiempo de lectura":"1 minuto"},"schema":{"@context":"https:\/\/schema.org","@graph":[{"@type":"WebPage","@id":"https:\/\/v-electronics.com.mx\/index.php\/product\/boton-plastico-con-led-y-arnes\/","url":"https:\/\/v-electronics.com.mx\/index.php\/product\/boton-plastico-con-led-y-arnes\/","name":"Bot\u00f3n Pl\u00e1stico con Led Y Arn\u00e9s | V-electronics | Arcade | Vending |","isPartOf":{"@id":"https:\/\/v-electronics.com.mx\/#website"},"primaryImageOfPage":{"@id":"https:\/\/v-electronics.com.mx\/index.php\/product\/boton-plastico-con-led-y-arnes\/#primaryimage"},"image":{"@id":"https:\/\/v-electronics.com.mx\/index.php\/product\/boton-plastico-con-led-y-arnes\/#primaryimage"},"thumbnailUrl":"https:\/\/v-electronics.com.mx\/wp-content\/uploads\/2021\/05\/Boton-plastico-con-LED-y-arnes-color-azul-rojo-amarillo-venteks-2-1-scaled.jpg","datePublished":"2021-05-17T17:42:59+00:00","dateModified":"2022-04-26T16:23:59+00:00","description":"Bot\u00f3n Pl\u00e1stico Con Led y Arn\u00e9s para maquinas vending y arcades. Elegible a 3 colores, ROJO, AZUL y AMARILLO.","breadcrumb":{"@id":"https:\/\/v-electronics.com.mx\/index.php\/product\/boton-plastico-con-led-y-arnes\/#breadcrumb"},"inLanguage":"es","potentialAction":[{"@type":"ReadAction","target":["https:\/\/v-electronics.com.mx\/index.php\/product\/boton-plastico-con-led-y-arnes\/"]}]},{"@type":"ImageObject","inLanguage":"es","@id":"https:\/\/v-electronics.com.mx\/index.php\/product\/boton-plastico-con-led-y-arnes\/#primaryimage","url":"https:\/\/v-electronics.com.mx\/wp-content\/uploads\/2021\/05\/Boton-plastico-con-LED-y-arnes-color-azul-rojo-amarillo-venteks-2-1-scaled.jpg","contentUrl":"https:\/\/v-electronics.com.mx\/wp-content\/uploads\/2021\/05\/Boton-plastico-con-LED-y-arnes-color-azul-rojo-amarillo-venteks-2-1-scaled.jpg","width":2560,"height":1707},{"@type":"BreadcrumbList","@id":"https:\/\/v-electronics.com.mx\/index.php\/product\/boton-plastico-con-led-y-arnes\/#breadcrumb","itemListElement":[{"@type":"ListItem","position":1,"name":"Inicio","item":"https:\/\/v-electronics.com.mx\/"},{"@type":"ListItem","position":2,"name":"Tienda","item":"https:\/\/v-electronics.com.mx\/index.php\/tienda\/"},{"@type":"ListItem","position":3,"name":"Bot\u00f3n Pl\u00e1stico con Led Y Arn\u00e9s"}]},{"@type":"WebSite","@id":"https:\/\/v-electronics.com.mx\/#website","url":"https:\/\/v-electronics.com.mx\/","name":"V-electronics","description":"Vending Solutions","publisher":{"@id":"https:\/\/v-electronics.com.mx\/#organization"},"potentialAction":[{"@type":"SearchAction","target":{"@type":"EntryPoint","urlTemplate":"https:\/\/v-electronics.com.mx\/?s={search_term_string}"},"query-input":{"@type":"PropertyValueSpecification","valueRequired":true,"valueName":"search_term_string"}}],"inLanguage":"es"},{"@type":"Organization","@id":"https:\/\/v-electronics.com.mx\/#organization","name":"Vcommerce","url":"https:\/\/v-electronics.com.mx\/","logo":{"@type":"ImageObject","inLanguage":"es","@id":"https:\/\/v-electronics.com.mx\/#\/schema\/logo\/image\/","url":"","contentUrl":"","caption":"Vcommerce"},"image":{"@id":"https:\/\/v-electronics.com.mx\/#\/schema\/logo\/image\/"}}]}},"_links":{"self":[{"href":"https:\/\/v-electronics.com.mx\/index.php\/wp-json\/wp\/v2\/product\/4529","targetHints":{"allow":["GET"]}}],"collection":[{"href":"https:\/\/v-electronics.com.mx\/index.php\/wp-json\/wp\/v2\/product"}],"about":[{"href":"https:\/\/v-electronics.com.mx\/index.php\/wp-json\/wp\/v2\/types\/product"}],"wp:featuredmedia":[{"embeddable":true,"href":"https:\/\/v-electronics.com.mx\/index.php\/wp-json\/wp\/v2\/media\/4532"}],"wp:attachment":[{"href":"https:\/\/v-electronics.com.mx\/index.php\/wp-json\/wp\/v2\/media?parent=4529"}],"wp:term":[{"taxonomy":"product_brand","embeddable":true,"href":"https:\/\/v-electronics.com.mx\/index.php\/wp-json\/wp\/v2\/product_brand?post=4529"},{"taxonomy":"product_cat","embeddable":true,"href":"https:\/\/v-electronics.com.mx\/index.php\/wp-json\/wp\/v2\/product_cat?post=4529"},{"taxonomy":"product_tag","embeddable":true,"href":"https:\/\/v-electronics.com.mx\/index.php\/wp-json\/wp\/v2\/product_tag?post=4529"}],"curies":[{"name":"wp","href":"https:\/\/api.w.org\/{rel}","templated":true}]}}